{"id":100,"date":"2013-01-19T10:10:38","date_gmt":"2013-01-19T14:40:38","guid":{"rendered":"http:\/\/infomonagas.com\/sitio\/?page_id=100"},"modified":"2023-12-03T16:13:04","modified_gmt":"2023-12-03T20:13:04","slug":"municipio-santa-barbara","status":"publish","type":"page","link":"https:\/\/infomonagas.com\/sitio\/municipio-santa-barbara\/","title":{"rendered":"Municipio Santa Barbara"},"content":{"rendered":"<h3><span style=\"font-family: Arial, Helvetica, sans-serif; font-size: small;\"><strong>Poblaci\u00f3n:<\/strong> 7.694 habitantes (censo 2001)<br \/>\n<strong>Superficie:<\/strong> 299 Km\u00b2<br \/>\n<strong>Porcentaje del Territorio Estadal:<\/strong> 1,03%<br \/>\n<strong>Longitud Oeste:<\/strong> 63\u00b027&#8242; &#8211; 63\u00b039&#8242; &#8211; <strong>Latitud<br \/>\nNorte:<\/strong> 09\u00b030&#8242; &#8211; 09\u00b039&#8242;<br \/>\n<strong>Capital:<\/strong> Santa B\u00e1rbara Limites: Norte: Municipios Ezequiel Zamora y Matur\u00edn. <\/span><\/h3>\n<p><span style=\"font-family: Arial, Helvetica, sans-serif; font-size: small;\"> Santa B\u00e1rbara fue fundada en el a\u00f1o 1754 por Fray Casimiro de Borja. <\/span><\/p>\n<p><span style=\"font-family: Arial, Helvetica, sans-serif; font-size: small;\"> <strong>Clima:<\/strong><br \/>\nEs de Mesa Llana, con promedios anuales de temperatura y precipitaci\u00f3n de 26,8\u00b0C y 1.092 mm.<br \/>\n<strong>R\u00edos:<\/strong> Amana, Sonoro, Papirito y Queregua. <\/span><\/p>\n<p><span style=\"font-family: Arial, Helvetica, sans-serif; font-size: small;\"> <strong>Vegetaci\u00f3n:<\/strong><br \/>\nZona de vida Bosque Seco Tropical, con predominio de formaci\u00f3n vegetal de sabana abierta, con especies como Paja Peluda, Granadillo, Mastranto, Chaparro, etc. <\/span><\/p>\n<p><span style=\"font-family: Arial, Helvetica, sans-serif; font-size: small;\"> <strong>Econom\u00eda:<\/strong><br \/>\nSe basa en actividades agr\u00edcolas (ma\u00edz, sorgo, algod\u00f3n, soya, ajonjol\u00ed, ca\u00f1a de az\u00facar) y pecuarias. Adem\u00e1s, presenta actividad petrolera y minas de grava y arena. <\/span><\/p>\n<p><span style=\"font-family: Arial, Helvetica, sans-serif; font-size: small;\"> <strong>Turismo:<\/strong><br \/>\nEn las cercan\u00edas del R\u00edo Tonoro se pueden apreciar paisajes muy hermosos. <\/span><\/p>\n<p><span style=\"font-family: Arial, Helvetica, sans-serif; font-size: small;\"> <strong>Folklore:<\/strong><br \/>\nSe celebran festividades con motivo de la fundaci\u00f3n de Santa B\u00e1rbara. Entre los bailes tradicionales se destacan La Burriquita, El Maremare y El Sebuc\u00e1n. <\/span><\/p>\n","protected":false},"excerpt":{"rendered":"<p>Poblaci\u00f3n: 7.694 habitantes (censo 2001) Superficie: 299 Km\u00b2 Porcentaje del Territorio Estadal: 1,03% Longitud Oeste: 63\u00b027&#8242; &#8211; 63\u00b039&#8242;<\/p>\n","protected":false},"author":1,"featured_media":0,"parent":0,"menu_order":0,"comment_status":"closed","ping_status":"open","template":"","meta":{"footnotes":""},"_links":{"self":[{"href":"https:\/\/infomonagas.com\/sitio\/wp-json\/wp\/v2\/pages\/100"}],"collection":[{"href":"https:\/\/infomonagas.com\/sitio\/wp-json\/wp\/v2\/pages"}],"about":[{"href":"https:\/\/infomonagas.com\/sitio\/wp-json\/wp\/v2\/types\/page"}],"author":[{"embeddable":true,"href":"https:\/\/infomonagas.com\/sitio\/wp-json\/wp\/v2\/users\/1"}],"replies":[{"embeddable":true,"href":"https:\/\/infomonagas.com\/sitio\/wp-json\/wp\/v2\/comments?post=100"}],"version-history":[{"count":3,"href":"https:\/\/infomonagas.com\/sitio\/wp-json\/wp\/v2\/pages\/100\/revisions"}],"predecessor-version":[{"id":975,"href":"https:\/\/infomonagas.com\/sitio\/wp-json\/wp\/v2\/pages\/100\/revisions\/975"}],"wp:attachment":[{"href":"https:\/\/infomonagas.com\/sitio\/wp-json\/wp\/v2\/media?parent=100"}],"curies":[{"name":"wp","href":"https:\/\/api.w.org\/{rel}","templated":true}]}}