{"id":102,"date":"2013-01-19T10:11:10","date_gmt":"2013-01-19T14:41:10","guid":{"rendered":"http:\/\/infomonagas.com\/sitio\/?page_id=102"},"modified":"2023-12-03T16:17:08","modified_gmt":"2023-12-03T20:17:08","slug":"municipio-sotillo","status":"publish","type":"page","link":"https:\/\/infomonagas.com\/sitio\/municipio-sotillo\/","title":{"rendered":"Municipio Sotillo"},"content":{"rendered":"<p><span style=\"font-family: Arial, Helvetica, sans-serif; font-size: small;\"><strong>Poblaci\u00f3n:<\/strong> Su poblaci\u00f3n es de 20.373 habitantes<br \/>\n(censo 2001)<br \/>\n<strong>Superficie:<\/strong> La superficie es de 1.939 Km\u00b2<br \/>\n<strong>Longitud Oeste:<\/strong> 62\u00b000&#8242; &#8211; 62\u00b044&#8242; &#8211;<strong><br \/>\nLatitud Norte:<\/strong> 08\u00b024&#8242; &#8211; 08\u00b054&#8242;<br \/>\n<strong>Capital:<\/strong> La capital es Barrancas del Orinoco Porcentaje del<br \/>\nTerritorio Estadal: 6,71%<br \/>\n<strong>L\u00edmites:<\/strong> Norte: Municipio Uracoa y Ca\u00f1o M\u00e1namo.<br \/>\nEste: El ca\u00f1o M\u00e1namo que lo separa del Delta Amacuro. Sur: El<br \/>\nr\u00edo Orinoco que lo separa del estado Bol\u00edvar. Oeste: Municipio<br \/>\nLibertador y Estado Anzo\u00e1tegui <\/span><\/p>\n<p><span style=\"font-family: Arial, Helvetica, sans-serif; font-size: small;\"> Fue fundada en el a\u00f1o 1790 por el Padre Fray Joaqu\u00edn de Motara. <\/span><\/p>\n<p><strong>VEGETACI\u00d3N:<\/strong> Est\u00e1 enmarcada dentro del Bosque Seco<br \/>\nTropical, predominando la formaci\u00f3n vegetal de sabana abierta,<br \/>\nla cual se compone de gram\u00edneas perennes y dispuestas en macollas, exenta<br \/>\ncasi totalmente de elementos arb\u00f3reos o arbustivos, present\u00e1ndose<br \/>\nen forma muy dispersa. La continuidad de las sabanas se interrumpe por la presencia<br \/>\nde morichales y bosques de galer\u00edas.<\/p>\n<p><span style=\"font-family: Arial, Helvetica, sans-serif; font-size: small;\"> <strong>CLIMA:<\/strong> Cuenta con dos unidades fisiogr\u00e1ficas caracter\u00edsticas: Mesa Llana<br \/>\ny planicie Aluvial del Orinoco. La temperatura media anual es de<br \/>\n27,0\u00b0C, con precipitaciones medias anuales de 1.116 mm y recursos h\u00eddricos<br \/>\nimportantes como los R\u00edos: Uracoa, Orinoco, Ca\u00f1o Guarguapo,<br \/>\nCa\u00f1o M\u00e1namo. <\/span><\/p>\n<p><span style=\"font-family: Arial, Helvetica, sans-serif; font-size: small;\"> <strong>ECONOM\u00cdA:<\/strong> Se basa esencialmente en la ganader\u00eda bovina (carne y leche). Esta actividad<br \/>\ntiene una gran importancia hist\u00f3rica, por ser la que le dio organicidad<br \/>\nterritorial al municipio. No menos importante es la actividad pesquera, por<br \/>\nser Barrancas puerto natural que absorbe la materia prima proveniente de los<br \/>\nca\u00f1os del municipio y el Delta del Orinoco. La actividad petrolera y<br \/>\nforestal (plantaci\u00f3n de pino) tiene poca influencia en la din\u00e1mica<br \/>\nlocal. <\/span><\/p>\n<p><span style=\"font-family: Arial, Helvetica, sans-serif; font-size: small;\"> <strong>FOLKLORE:<\/strong> Las fiestas patronales de San Rafael Arc\u00e1ngel (24 de octubre), la creencia<br \/>\nm\u00e1gico-religiosa del \u00abSanto Ni\u00f1o de Macareo\u00bb, la \u00ableyenda<br \/>\ndel Chivato\u00bb, y la gastronom\u00eda tradicional: sancocho o frito de<br \/>\nLaulao, Coporo, Maya, Curbinata y Morocotos en guiso. <\/span><\/p>\n<p><span style=\"font-family: Arial, Helvetica, sans-serif; font-size: small;\"> <strong>TURISMO:<\/strong> Dispone de significativos recursos naturales, arqueol\u00f3gicos y etnogr\u00e1ficos<br \/>\nimportantes para el desarrollo de la actividad tur\u00edstica: entre ellos:<br \/>\nel R\u00edo Orinoco, Laguna de Guarguapo, Laguna de Guatero, Laguna Saladero,<br \/>\nEl Museo de Uyapari, con el yacimiento arqueol\u00f3gico de Saladero, patrimonio hist\u00f3rico y art\u00edstico de la naci\u00f3n, testimonio de una de las culturas m\u00e1s antiguas y expandidas que tuvo<br \/>\nVenezuela: \u00abLa Cultura Barrancoide\u00bb, la cual se desarroll\u00f3<br \/>\n3000 a\u00f1os atr\u00e1s. Cuenta con el centro Urbano de Barrancas, designado<br \/>\npatrimonio hist\u00f3rico nacional, la fortificaci\u00f3n de \u00abLas<br \/>\nTrincheras\u00bb, fortaleza militar que data desde los a\u00f1os 1814-1815<br \/>\ny las comunidades ind\u00edgenas Waraos. <\/span><\/p>\n","protected":false},"excerpt":{"rendered":"<p>Poblaci\u00f3n: Su poblaci\u00f3n es de 20.373 habitantes (censo 2001) Superficie: La superficie es de 1.939 Km\u00b2 Longitud Oeste:<\/p>\n","protected":false},"author":1,"featured_media":0,"parent":0,"menu_order":0,"comment_status":"closed","ping_status":"open","template":"","meta":{"footnotes":""},"_links":{"self":[{"href":"https:\/\/infomonagas.com\/sitio\/wp-json\/wp\/v2\/pages\/102"}],"collection":[{"href":"https:\/\/infomonagas.com\/sitio\/wp-json\/wp\/v2\/pages"}],"about":[{"href":"https:\/\/infomonagas.com\/sitio\/wp-json\/wp\/v2\/types\/page"}],"author":[{"embeddable":true,"href":"https:\/\/infomonagas.com\/sitio\/wp-json\/wp\/v2\/users\/1"}],"replies":[{"embeddable":true,"href":"https:\/\/infomonagas.com\/sitio\/wp-json\/wp\/v2\/comments?post=102"}],"version-history":[{"count":2,"href":"https:\/\/infomonagas.com\/sitio\/wp-json\/wp\/v2\/pages\/102\/revisions"}],"predecessor-version":[{"id":977,"href":"https:\/\/infomonagas.com\/sitio\/wp-json\/wp\/v2\/pages\/102\/revisions\/977"}],"wp:attachment":[{"href":"https:\/\/infomonagas.com\/sitio\/wp-json\/wp\/v2\/media?parent=102"}],"curies":[{"name":"wp","href":"https:\/\/api.w.org\/{rel}","templated":true}]}}