{"id":106,"date":"2013-01-19T10:12:20","date_gmt":"2013-01-19T14:42:20","guid":{"rendered":"http:\/\/infomonagas.com\/sitio\/?page_id=106"},"modified":"2023-12-03T14:39:18","modified_gmt":"2023-12-03T18:39:18","slug":"municipio-acosta","status":"publish","type":"page","link":"https:\/\/infomonagas.com\/sitio\/municipio-acosta\/","title":{"rendered":"Municipio Acosta"},"content":{"rendered":"<ul>\n<li><strong>Municipio Acosta<\/strong><strong>Poblaci\u00f3n:<\/strong> 16.758 habitantes (censo 2001)<strong>Superficie:<\/strong> 957 km\u00b2\n<p><strong>Porcentaje del Territorio Estadal:<\/strong> 3,31%<\/p>\n<p><strong>Longitud Oeste:<\/strong> 63\u00b0 34&#8242; &#8211; 63\u00b0 56&#8242;<\/p>\n<p><strong>Latitud Norte:<\/strong> 09\u00b0 56&#8242; &#8211; 10\u00b0 13&#8242;<\/p>\n<p><strong>Capital:<\/strong> San Antonio<\/p>\n<p><strong>L\u00edmites:<\/strong> Norte: Estado Sucre. Este: Municipio Caripe y Piar. Sur: Municipio Cede\u00f1o. Oeste: Municipio Cede\u00f1o.<\/li>\n<\/ul>\n<p>Fundado en 1713 por el padre Fray Ger\u00f3nimo de Muro.<\/p>\n<p><strong>Clima:<\/strong> Se caracteriza por presentar un paisaje monta\u00f1oso, con una temperatura y precipitaci\u00f3n promedio anual de 23,7\u00b0C y 975mm respectivamente.<\/p>\n<p><strong>Vegetaci\u00f3n:<\/strong> es Bosque H\u00famedo Premonta\u00f1oso, siendo el Bucare, Guamo, Cedro, Caoba, Caobazo, Jobo, Vara Blanca representantes arb\u00f3reos de esta zona.<\/p>\n<p><strong>Econom\u00eda:<\/strong> su fuerte es la agricultura desarrollada en los valles y piedemonte del Turimiquire, predominando hacia la parte alta cultivos permanentes como el caf\u00e9 y los c\u00edtricos, las hortalizas, el ma\u00edz y los tub\u00e9rculos.<\/p>\n<p><strong>Turismo:<\/strong> Presenta como alternativas tur\u00edsticas el embalse El Guamo, La Poza de Le\u00f3n, Las puertas y el balneario de Miraflores, Poza de la Trilla y la Cruz de Piedra, este \u00faltimo petroglifo indohispano de vital importancia arqueol\u00f3gica. Tambi\u00e9n est\u00e1 el museo parroquial iglesia de San Antonio, construida en 1780, y la iglesia de san francisco, construida en el siglo XVII declarados \u00abMonumentos Hist\u00f3ricos Nacionales\u00bb.<\/p>\n<p><strong>Folklore:<\/strong> sus principales bailes: la Culebra de Ipure, La Paloma y las danzas: La Guaraguara, El Gavil\u00e1n, El Toro, La Pava, El Cangrejo y la Vaca Loca, entre otras; se conoce en todo este municipio la leyenda de la Culebra del Ipure, el Tesoro de Boves y la maldici\u00f3n del capuchino.<\/p>\n<div>\n<h2>Historia y Fundaci\u00f3n<\/h2>\n<h3>Fundaci\u00f3n<\/h3>\n<p>La fundaci\u00f3n del municipio se atribuye al religioso franciscano Fray Ger\u00f3nimo de Muro, quien estableci\u00f3 la poblaci\u00f3n con el prop\u00f3sito de evangelizar y promover la colonizaci\u00f3n en esa regi\u00f3n. El 13 de marzo de 1713, se llev\u00f3 a cabo la fundaci\u00f3n oficial de la poblaci\u00f3n de San Antonio de Capayacuar.<\/p>\n<h3>Nacimiento del Pueblo<\/h3>\n<p>San Antonio de Capayacuar, ahora San Antonio de Capayacuar de Acosta, fue el punto de partida de la fundaci\u00f3n. Esta poblaci\u00f3n naci\u00f3 en el valle del r\u00edo Guanaguana, en una regi\u00f3n de gran atractivo natural y con una rica biodiversidad.<\/p>\n<h3>Desarrollo Colonial<\/h3>\n<p>Durante el per\u00edodo colonial, la regi\u00f3n experiment\u00f3 un crecimiento sostenido debido a la producci\u00f3n agr\u00edcola y a la estrat\u00e9gica ubicaci\u00f3n geogr\u00e1fica. A lo largo de los a\u00f1os, la zona ha sido testigo de eventos hist\u00f3ricos y culturales que han marcado su identidad.<\/p>\n<h3>Impacto Hist\u00f3rico<\/h3>\n<p><strong>Importancia Cultural:<\/strong> El municipio ha sido cuna de tradiciones, leyendas, folklore y celebraciones aut\u00f3ctonas que reflejan la identidad cultural de su gente. Sus danzas, festividades y mitos son parte fundamental del acervo cultural y patrimonial del lugar.<\/p>\n<p><strong>Transformaciones y Desarrollo:<\/strong> A lo largo del tiempo, el municipio ha experimentado transformaciones significativas, tanto en t\u00e9rminos de su econom\u00eda, a trav\u00e9s de la agricultura y el comercio, como en el crecimiento de sus comunidades y estructuras urbanas.<\/p>\n<p><strong>Conservaci\u00f3n del Patrimonio:<\/strong> En los \u00faltimos tiempos, ha habido esfuerzos considerables para preservar la historia, la arquitectura colonial, los monumentos hist\u00f3ricos y los sitios naturales de inter\u00e9s en el municipio.<\/p>\n<p>La historia y los or\u00edgenes del Municipio Acosta est\u00e1n arraigados en una rica herencia cultural y en el esfuerzo de aquellos que, a lo largo de los siglos, han contribuido al desarrollo y la identidad \u00fanica de esta regi\u00f3n en Venezuela.<\/p>\n<\/div>\n","protected":false},"excerpt":{"rendered":"<p>Municipio AcostaPoblaci\u00f3n: 16.758 habitantes (censo 2001)Superficie: 957 km\u00b2 Porcentaje del Territorio Estadal: 3,31% Longitud Oeste: 63\u00b0 34&#8242; &#8211;<\/p>\n","protected":false},"author":1,"featured_media":0,"parent":0,"menu_order":0,"comment_status":"closed","ping_status":"open","template":"","meta":{"footnotes":""},"_links":{"self":[{"href":"https:\/\/infomonagas.com\/sitio\/wp-json\/wp\/v2\/pages\/106"}],"collection":[{"href":"https:\/\/infomonagas.com\/sitio\/wp-json\/wp\/v2\/pages"}],"about":[{"href":"https:\/\/infomonagas.com\/sitio\/wp-json\/wp\/v2\/types\/page"}],"author":[{"embeddable":true,"href":"https:\/\/infomonagas.com\/sitio\/wp-json\/wp\/v2\/users\/1"}],"replies":[{"embeddable":true,"href":"https:\/\/infomonagas.com\/sitio\/wp-json\/wp\/v2\/comments?post=106"}],"version-history":[{"count":4,"href":"https:\/\/infomonagas.com\/sitio\/wp-json\/wp\/v2\/pages\/106\/revisions"}],"predecessor-version":[{"id":948,"href":"https:\/\/infomonagas.com\/sitio\/wp-json\/wp\/v2\/pages\/106\/revisions\/948"}],"wp:attachment":[{"href":"https:\/\/infomonagas.com\/sitio\/wp-json\/wp\/v2\/media?parent=106"}],"curies":[{"name":"wp","href":"https:\/\/api.w.org\/{rel}","templated":true}]}}