{"id":108,"date":"2013-01-19T10:12:51","date_gmt":"2013-01-19T14:42:51","guid":{"rendered":"http:\/\/infomonagas.com\/sitio\/?page_id=108"},"modified":"2023-12-03T14:45:49","modified_gmt":"2023-12-03T18:45:49","slug":"municipio-aguasay","status":"publish","type":"page","link":"https:\/\/infomonagas.com\/sitio\/municipio-aguasay\/","title":{"rendered":"Municipio Aguasay"},"content":{"rendered":"<div>\n<h2>Municipio Aguasay<\/h2>\n<p><strong>Poblaci\u00f3n:<\/strong> 10.309 habitantes (censo 2001)<\/p>\n<p><strong>Superficie:<\/strong> 2581 km\u00b2<\/p>\n<p><strong>Porcentaje del Territorio Estadal:<\/strong> 8.93%<\/p>\n<p><strong>Longitud Oeste:<\/strong> 63\u00b0 22&#8242; &#8211; 63\u00b0 58&#8242;<\/p>\n<p><strong>Latitud Norte:<\/strong> 08\u00b0 57&#8242; &#8211; 09\u00b0 33&#8242;<\/p>\n<p><strong>Capital:<\/strong> Aguasay<\/p>\n<p><strong>L\u00edmites:<\/strong> Norte: Municipio Ezequiel Zamora y Santa B\u00e1rbara. Este: Municipio Matur\u00edn. Sur: Estado Anzo\u00e1tegui. Oeste: Estado Anzo\u00e1tegui.<\/p>\n<h3>Historia y Fundaci\u00f3n<\/h3>\n<p>Fundada en el a\u00f1o 1769 por el Padre Fray Manuel de la Mata, el municipio Aguasay tiene una rica historia que se remonta a la \u00e9poca colonial en Venezuela. Fue establecida con el prop\u00f3sito de desarrollar la regi\u00f3n y ha sido testigo de transformaciones significativas a lo largo de los a\u00f1os.<\/p>\n<h3>Caracter\u00edsticas Clim\u00e1ticas y Geogr\u00e1ficas<\/h3>\n<p>El clima en Aguasay es de Mesa Plana y Mesa Disectada, con una temperatura media anual de 25,4\u00b0C y una precipitaci\u00f3n promedio anual de 1.055,1mm. La regi\u00f3n est\u00e1 atravesada por diversos r\u00edos como el Sonoro, Caris, Oritupano, Guanipa, Aribi, y las quebradas El Latal y las Gaviotas.<\/p>\n<h3>Vegetaci\u00f3n<\/h3>\n<p>Aguasay presenta una vegetaci\u00f3n predominante de Bosque Seco Tropical, con especies vegetales caracter\u00edsticas de sabana abierta, como la Paja Peluda, Chaparro, Chaparro Manteco y Aceite.<\/p>\n<h3>Turismo<\/h3>\n<p>El municipio ofrece a los turistas oportunidades relacionadas con la artesan\u00eda local, donde se destacan los productos hechos con fibras extra\u00eddas de plantas como los chinchorros de curagua, adem\u00e1s de la elaboraci\u00f3n de bolsas, manteles, alpargatas y esterillas.<\/p>\n<h3>Folklore y Celebraciones<\/h3>\n<p>Las festividades en honor a San Jos\u00e9, celebradas el 19 de marzo, son una de las principales celebraciones religiosas en la regi\u00f3n. Los ind\u00edgenas del Guamo han mantenido la cultura local con sus mitos y leyendas, contribuyendo a enriquecer el folklore de Aguasay.<\/p>\n<\/div>\n","protected":false},"excerpt":{"rendered":"<p>Municipio Aguasay Poblaci\u00f3n: 10.309 habitantes (censo 2001) Superficie: 2581 km\u00b2 Porcentaje del Territorio Estadal: 8.93% Longitud Oeste: 63\u00b0<\/p>\n","protected":false},"author":1,"featured_media":0,"parent":0,"menu_order":0,"comment_status":"closed","ping_status":"open","template":"","meta":{"footnotes":""},"_links":{"self":[{"href":"https:\/\/infomonagas.com\/sitio\/wp-json\/wp\/v2\/pages\/108"}],"collection":[{"href":"https:\/\/infomonagas.com\/sitio\/wp-json\/wp\/v2\/pages"}],"about":[{"href":"https:\/\/infomonagas.com\/sitio\/wp-json\/wp\/v2\/types\/page"}],"author":[{"embeddable":true,"href":"https:\/\/infomonagas.com\/sitio\/wp-json\/wp\/v2\/users\/1"}],"replies":[{"embeddable":true,"href":"https:\/\/infomonagas.com\/sitio\/wp-json\/wp\/v2\/comments?post=108"}],"version-history":[{"count":2,"href":"https:\/\/infomonagas.com\/sitio\/wp-json\/wp\/v2\/pages\/108\/revisions"}],"predecessor-version":[{"id":949,"href":"https:\/\/infomonagas.com\/sitio\/wp-json\/wp\/v2\/pages\/108\/revisions\/949"}],"wp:attachment":[{"href":"https:\/\/infomonagas.com\/sitio\/wp-json\/wp\/v2\/media?parent=108"}],"curies":[{"name":"wp","href":"https:\/\/api.w.org\/{rel}","templated":true}]}}