{"id":110,"date":"2013-01-19T10:13:31","date_gmt":"2013-01-19T14:43:31","guid":{"rendered":"http:\/\/infomonagas.com\/sitio\/?page_id=110"},"modified":"2023-12-03T14:53:45","modified_gmt":"2023-12-03T18:53:45","slug":"municipio-bolivar","status":"publish","type":"page","link":"https:\/\/infomonagas.com\/sitio\/municipio-bolivar\/","title":{"rendered":"Municipio Bol\u00edvar"},"content":{"rendered":"<p><span style=\"color: #ff6600; font-family: Arial, Helvetica, sans-serif; font-size: large;\"> <strong>Municipio Bol\u00edvar<\/strong> <\/span> <span style=\"font-family: Arial, Helvetica, sans-serif; font-size: small;\"><br \/>\n<strong>Poblaci\u00f3n:<\/strong> 34,309 habitantes (censo 2001)<br \/>\n<strong>Superficie:<\/strong> 270 km\u00b2<br \/>\n<strong>Porcentaje del Territorio Estadal:<\/strong> 0,93%<br \/>\n<strong>Longitud Oeste:<\/strong> 63\u00b0 01&#8242; &#8211; 63\u00b0 13&#8242;<br \/>\n<strong>Latitud Norte:<\/strong> 10\u00b0 05&#8242; &#8211; 10\u00b0 13&#8242;<br \/>\n<strong>Capital:<\/strong> Caripito<br \/>\n<strong>L\u00edmites:<\/strong> Norte: Estado Sucre. Este: Estado Sucre. Sur: Municipio Punceres. Oeste: Municipio Caripe. <\/span><\/p>\n<p><span style=\"font-family: Arial, Helvetica, sans-serif; font-size: small;\"> Los inicios del Municipio Bol\u00edvar se remontan a 1928, cuando comenz\u00f3 la actividad petrolera en la zona. <\/span><\/p>\n<p><strong>Clima:<\/strong> Mesa de Piedemonte y las Planicies Cenagosas, Costera y Aluvial de Desborde; temperatura promedio anual de 25\u00b0C y precipitaciones de 2,078 mm.<\/p>\n<p><span style=\"font-family: Arial, Helvetica, sans-serif; font-size: small;\"> <strong>Vegetaci\u00f3n:<\/strong> Predomina el Bosque H\u00famedo Tropical con especies como el Cacaoyito, Sunsun, Carapo, Laurel, Apamate, Cuajo, Azucarito, Jabillo y Mangles. <\/span><\/p>\n<p><span style=\"font-family: Arial, Helvetica, sans-serif; font-size: small;\"> <strong>Econom\u00eda:<\/strong> La agricultura es el motor econ\u00f3mico, con cultivos como el cacao, ra\u00edces y tub\u00e9rculos. Ganader\u00eda en fincas para leche y queso. Actividad petrolera disminuida; puerto de Caripito a\u00fan realiza algunos despachos y pesca. <\/span><\/p>\n<p><span style=\"font-family: Arial, Helvetica, sans-serif; font-size: small;\"> <strong>Turismo:<\/strong> Lugares de inter\u00e9s incluyen aguas termales, cascadas y balnearios como Los Morros, La Bomba, El Nazareno, La Chorrera, Chupul\u00fan, El Encantado y Valle Soto. <\/span><\/p>\n<p><span style=\"font-family: Arial, Helvetica, sans-serif; font-size: small;\"> <strong>Folklore:<\/strong> Festividades religiosas como la Semana Santa y procesiones. El 25 de junio se celebra una procesi\u00f3n en honor al patrono del pueblo, \u00abEl Sagrado Coraz\u00f3n de Jes\u00fas\u00bb. <\/span><\/p>\n","protected":false},"excerpt":{"rendered":"<p>Municipio Bol\u00edvar Poblaci\u00f3n: 34,309 habitantes (censo 2001) Superficie: 270 km\u00b2 Porcentaje del Territorio Estadal: 0,93% Longitud Oeste: 63\u00b0<\/p>\n","protected":false},"author":1,"featured_media":0,"parent":0,"menu_order":0,"comment_status":"closed","ping_status":"open","template":"","meta":{"footnotes":""},"_links":{"self":[{"href":"https:\/\/infomonagas.com\/sitio\/wp-json\/wp\/v2\/pages\/110"}],"collection":[{"href":"https:\/\/infomonagas.com\/sitio\/wp-json\/wp\/v2\/pages"}],"about":[{"href":"https:\/\/infomonagas.com\/sitio\/wp-json\/wp\/v2\/types\/page"}],"author":[{"embeddable":true,"href":"https:\/\/infomonagas.com\/sitio\/wp-json\/wp\/v2\/users\/1"}],"replies":[{"embeddable":true,"href":"https:\/\/infomonagas.com\/sitio\/wp-json\/wp\/v2\/comments?post=110"}],"version-history":[{"count":5,"href":"https:\/\/infomonagas.com\/sitio\/wp-json\/wp\/v2\/pages\/110\/revisions"}],"predecessor-version":[{"id":955,"href":"https:\/\/infomonagas.com\/sitio\/wp-json\/wp\/v2\/pages\/110\/revisions\/955"}],"wp:attachment":[{"href":"https:\/\/infomonagas.com\/sitio\/wp-json\/wp\/v2\/media?parent=110"}],"curies":[{"name":"wp","href":"https:\/\/api.w.org\/{rel}","templated":true}]}}