{"id":112,"date":"2013-01-19T10:13:58","date_gmt":"2013-01-19T14:43:58","guid":{"rendered":"http:\/\/infomonagas.com\/sitio\/?page_id=112"},"modified":"2023-12-03T14:59:09","modified_gmt":"2023-12-03T18:59:09","slug":"municipio-caripe","status":"publish","type":"page","link":"https:\/\/infomonagas.com\/sitio\/municipio-caripe\/","title":{"rendered":"Municipio Caripe"},"content":{"rendered":"<p><font color=\"#FF6600\" face=\"Arial, Helvetica, sans-serif\"><br \/>\n        <strong><font size=\"4\">Municipio Caripe<\/font><\/strong><br \/>\n    <\/font><br \/>\n    <font size=\"2\" face=\"Arial, Helvetica, sans-serif\"><\/p>\n<p><strong>Poblaci\u00f3n:<\/strong> 31,336 habitantes (censo 2001)<br \/>\n<strong>Superficie:<\/strong> 529 km\u00b2<br \/>\n<strong>Porcentaje del Territorio Estadal:<\/strong> 1,83%<br \/>\n<strong>Longitud Oeste:<\/strong> 63\u00b0 11&#8242; &#8211; 63\u00b0 37&#8242;<br \/>\n<strong>Latitud Norte:<\/strong> 10\u00b0 04&#8242; &#8211; 10\u00b0 19&#8242;<br \/>\n<strong>Capital:<\/strong> Caripe (fundado en el a\u00f1o 1734 por el padre Fray Pedro de Geisa.)<br \/>\n<strong>L\u00edmites:<\/strong> Norte: Estado Sucre. Este: Municipio Piar. Sur: Municipios Bol\u00edvar y Punceres. Oeste: Municipio Acosta.<br \/>\n    <\/font><br \/>\n    <font size=\"2\" face=\"Arial, Helvetica, sans-serif\">Fundado por el padre Fray Pedro de Geisa en el a\u00f1o 1734.<\/font><\/p>\n<p><font size=\"2\" face=\"Arial, Helvetica, sans-serif\"><strong>Clima:<\/strong> El paisaje del municipio es monta\u00f1oso, con temperaturas entre 12\u00b0C y 24\u00b0C y precipitaci\u00f3n promedio anual de 1,124 mm.<br \/>\n<strong>R\u00edo:<\/strong> Caripe.<\/font><\/p>\n<p><font size=\"2\" face=\"Arial, Helvetica, sans-serif\"><strong>Vegetaci\u00f3n:<\/strong> Bosque h\u00famedo premontano, con especies como Bucare, Guamo, Tabaquero, Majagua, Rosa de Monta\u00f1a, Tacamahaca, Cacao de Monte y Laurel.<\/font><\/p>\n<p><font size=\"2\" face=\"Arial, Helvetica, sans-serif\"><strong>Econom\u00eda:<\/strong> Adem\u00e1s de la actividad cafetalera y otros cultivos mencionados, se puede resaltar el turismo, el cual ha ido creciendo. La agricultura y la producci\u00f3n artesanal son tambi\u00e9n actividades econ\u00f3micas destacadas.<\/font><\/p>\n<p><font size=\"2\" face=\"Arial, Helvetica, sans-serif\"><strong>Turismo:<\/strong> Se puede mencionar la belleza esc\u00e9nica de la Cueva del Gu\u00e1charo y sus alrededores, el Mirador La Pe\u00f1a y sus paisajes, la gastronom\u00eda local, y las festividades religiosas que atraen a visitantes.<\/font><\/p>\n<p><font size=\"2\" face=\"Arial, Helvetica, sans-serif\"><strong>Folklore:<\/strong> Adem\u00e1s de las celebraciones religiosas mencionadas, existen leyendas locales, festivales y tradiciones culturales, como la Danza del Gu\u00e1charo, la Danza de los Morochos, entre otras, que son de inter\u00e9s para los visitantes y estudiosos de la cultura local.<\/font><\/p>\n","protected":false},"excerpt":{"rendered":"<p>Municipio Caripe Poblaci\u00f3n: 31,336 habitantes (censo 2001) Superficie: 529 km\u00b2 Porcentaje del Territorio Estadal: 1,83% Longitud Oeste: 63\u00b0<\/p>\n","protected":false},"author":1,"featured_media":0,"parent":0,"menu_order":0,"comment_status":"closed","ping_status":"open","template":"","meta":{"footnotes":""},"_links":{"self":[{"href":"https:\/\/infomonagas.com\/sitio\/wp-json\/wp\/v2\/pages\/112"}],"collection":[{"href":"https:\/\/infomonagas.com\/sitio\/wp-json\/wp\/v2\/pages"}],"about":[{"href":"https:\/\/infomonagas.com\/sitio\/wp-json\/wp\/v2\/types\/page"}],"author":[{"embeddable":true,"href":"https:\/\/infomonagas.com\/sitio\/wp-json\/wp\/v2\/users\/1"}],"replies":[{"embeddable":true,"href":"https:\/\/infomonagas.com\/sitio\/wp-json\/wp\/v2\/comments?post=112"}],"version-history":[{"count":2,"href":"https:\/\/infomonagas.com\/sitio\/wp-json\/wp\/v2\/pages\/112\/revisions"}],"predecessor-version":[{"id":957,"href":"https:\/\/infomonagas.com\/sitio\/wp-json\/wp\/v2\/pages\/112\/revisions\/957"}],"wp:attachment":[{"href":"https:\/\/infomonagas.com\/sitio\/wp-json\/wp\/v2\/media?parent=112"}],"curies":[{"name":"wp","href":"https:\/\/api.w.org\/{rel}","templated":true}]}}