{"id":114,"date":"2013-01-19T10:14:36","date_gmt":"2013-01-19T14:44:36","guid":{"rendered":"http:\/\/infomonagas.com\/sitio\/?page_id=114"},"modified":"2023-12-03T15:51:30","modified_gmt":"2023-12-03T19:51:30","slug":"municipio-cedeno","status":"publish","type":"page","link":"https:\/\/infomonagas.com\/sitio\/municipio-cedeno\/","title":{"rendered":"Municipio Cede\u00f1o"},"content":{"rendered":"<p><strong>Poblaci\u00f3n:<\/strong> 25.760 habitantes (censo 2001)<br \/>\n<strong>Superficie:<\/strong> 1695 Kms\u00b2<br \/>\n<strong>Porcentaje del Territorio Estadal:<\/strong> 5,86%<br \/>\n<strong>Longitud Oeste:<\/strong> 63\u00b028&#8242; &#8211; 64\u00b003&#8242;.<strong><br \/>\nLatitud Norte:<\/strong> 09\u00b033&#8242; &#8211; 10\u00b005&#8242;<br \/>\n<strong>Capital:<\/strong> Caicara de Matur\u00edn<br \/>\n<strong>L\u00edmites:<\/strong> Norte: Estado Anzo\u00e1tegui, Sucre y Municipio Acosta. Este: Municipio Piar y Matur\u00edn. Sur: Municipio Ezequiel Zamora. Oeste: Estado Anzo\u00e1tegui.<\/p>\n<p><span style=\"font-family: Arial, Helvetica, sans-serif; font-size: small;\">Fue fundada en el a\u00f1o 1731 por Fray Antonio de Blesa.<\/span><\/p>\n<p><span style=\"font-family: Arial, Helvetica, sans-serif; font-size: small;\"><strong>Clima:<\/strong><br \/>\nMesa de Pie de Monte y Mesa Llana, presentando adem\u00e1s, temperaturas promedio anual de 26,0\u00b0C y precipitaciones de 1.023mm promedio anual.<br \/>\nR\u00edos: Guarapiche, que comienza en el macizo monta\u00f1oso del Turimiquire, cuyos m\u00e1s importantes son: r\u00edo Capiricual, r\u00edo Guatatal y r\u00edo de Oro.<\/span><\/p>\n<p><span style=\"font-family: Arial, Helvetica, sans-serif; font-size: small;\"><strong>Vegetaci\u00f3n:<\/strong><br \/>\nEs de bosque seco tropical, con especies como el Araguaney, Indio Desnudo, Tiamo, Siete Capas, Alatrique y Hueso Pescado.<br \/>\n<\/span><span style=\"font-family: Arial, Helvetica, sans-serif; font-size: small;\"><strong>Econom\u00eda:<\/strong><br \/>\nSu principal actividad es la agr\u00edcola y pecuaria. En invierno se producen ma\u00edz, algod\u00f3n, frijoles, soya y patilla. Y en verano, productos agr\u00edcolas como tomate, piment\u00f3n, papa, berenjena, aj\u00ed dulce, tabaco y otras hortalizas. Tambi\u00e9n hay explotaci\u00f3n de caliza.<br \/>\n<\/span><span style=\"font-family: Arial, Helvetica, sans-serif; font-size: small;\"><strong>Turismo:<\/strong><br \/>\nEntre sus atractivos se encuentran la iglesia San F\u00e9lix de Cantalicio, construida en 1718, y los balnearios: Maraquero, Caracol y el Lim\u00f3n.<br \/>\n<\/span><span style=\"font-family: Arial, Helvetica, sans-serif; font-size: small;\"><strong>Folklore:<\/strong><br \/>\nLas fiestas de Caicara son un acontecimiento regional que congrega a pobladores de diferentes latitudes del pa\u00eds. Se celebra el Baile del Mono el 28 de diciembre, una danza ritual interpretada por grupos criollos. Tambi\u00e9n se celebra el d\u00eda de Santo Domingo de Guzm\u00e1n el 4 de agosto, con el tradicional palo encebado, y la celebraci\u00f3n de Todos los Santos y Muertos el 02 de noviembre.<br \/>\n<\/span><\/p>\n","protected":false},"excerpt":{"rendered":"<p>Poblaci\u00f3n: 25.760 habitantes (censo 2001) Superficie: 1695 Kms\u00b2 Porcentaje del Territorio Estadal: 5,86% Longitud Oeste: 63\u00b028&#8242; &#8211; 64\u00b003&#8242;.<\/p>\n","protected":false},"author":1,"featured_media":0,"parent":0,"menu_order":0,"comment_status":"closed","ping_status":"open","template":"","meta":{"footnotes":""},"_links":{"self":[{"href":"https:\/\/infomonagas.com\/sitio\/wp-json\/wp\/v2\/pages\/114"}],"collection":[{"href":"https:\/\/infomonagas.com\/sitio\/wp-json\/wp\/v2\/pages"}],"about":[{"href":"https:\/\/infomonagas.com\/sitio\/wp-json\/wp\/v2\/types\/page"}],"author":[{"embeddable":true,"href":"https:\/\/infomonagas.com\/sitio\/wp-json\/wp\/v2\/users\/1"}],"replies":[{"embeddable":true,"href":"https:\/\/infomonagas.com\/sitio\/wp-json\/wp\/v2\/comments?post=114"}],"version-history":[{"count":4,"href":"https:\/\/infomonagas.com\/sitio\/wp-json\/wp\/v2\/pages\/114\/revisions"}],"predecessor-version":[{"id":962,"href":"https:\/\/infomonagas.com\/sitio\/wp-json\/wp\/v2\/pages\/114\/revisions\/962"}],"wp:attachment":[{"href":"https:\/\/infomonagas.com\/sitio\/wp-json\/wp\/v2\/media?parent=114"}],"curies":[{"name":"wp","href":"https:\/\/api.w.org\/{rel}","templated":true}]}}