{"id":116,"date":"2013-01-19T10:15:09","date_gmt":"2013-01-19T14:45:09","guid":{"rendered":"http:\/\/infomonagas.com\/sitio\/?page_id=116"},"modified":"2023-12-03T15:54:16","modified_gmt":"2023-12-03T19:54:16","slug":"municipio-ezequiel-zamora","status":"publish","type":"page","link":"https:\/\/infomonagas.com\/sitio\/municipio-ezequiel-zamora\/","title":{"rendered":"Municipio Ezequiel Zamora"},"content":{"rendered":"<p><span style=\"font-family: Arial, Helvetica, sans-serif; font-size: small;\"><strong>Poblaci\u00f3n:<\/strong> 49.526 habitantes (censo 2001)<br \/>\n<strong>Superficie:<\/strong> 151 Km\u00b2<br \/>\n<strong>Porcentaje del territorio Estadal:<\/strong> 0,52%<br \/>\n<strong>Longitud Oeste:<\/strong> 63\u00b030&#8242; &#8211; 63\u00b049&#8242;<br \/>\n<strong>Latitud Norte:<\/strong> 09\u00b030&#8242; &#8211; 09\u00b045&#8242;<br \/>\n<strong>Capital:<\/strong> Punta de Mata<br \/>\n<strong>L\u00edmites:<\/strong> Norte: Municipio Cede\u00f1o. Este: Municipios Cede\u00f1o, Matur\u00edn y Santa B\u00e1rbara. Sur: Municipio Aguasay. Oeste: Municipio Cede\u00f1o. <\/span><\/p>\n<p><span style=\"font-family: Arial, Helvetica, sans-serif; font-size: small;\"> Surge a partir de la actividad petrolera en el a\u00f1o 1940. <\/span><\/p>\n<p><strong>Clima:<\/strong> <span style=\"font-family: Arial, Helvetica, sans-serif; font-size: small;\"> Mesa de Pie de Monte y Mesa Llana, temperaturas promedio anuales de 26\u00b0C y un r\u00e9gimen pluviom\u00e9trico aproximado de 960mm promedio anual.<br \/>\n<strong>R\u00edos:<\/strong> Amana, Queregua, Guanipa y Tonoro. <\/span><\/p>\n<p><span style=\"font-family: Arial, Helvetica, sans-serif; font-size: small;\"> <strong>Vegetaci\u00f3n:<\/strong> Es de Bosque Seco Tropical, con dominio de la formaci\u00f3n vegetal sabana abierta, interrumpida por morichales o bosques de galer\u00eda. Son caracter\u00edsticos como formaci\u00f3n de la sabana abierta: El Mohoso, Guatacare, Paja Peluda, Punteral, Fruta de Burro, Yaque y Mastranto. <\/span><\/p>\n<p><span style=\"font-family: Arial, Helvetica, sans-serif; font-size: small;\"> <strong>Econom\u00eda:<\/strong> Su principal fuente econ\u00f3mica es la actividad petrolera, con \u00e1reas de influencia que abarcan parte de los Municipios Matur\u00edn, Cede\u00f1o y Piar. Tambi\u00e9n son importantes las actividades de ganader\u00eda y agricultura, aunque esta \u00faltima ha deca\u00eddo debido al impacto de la explotaci\u00f3n petrolera. <\/span><\/p>\n<p><span style=\"font-family: Arial, Helvetica, sans-serif; font-size: small;\"> <strong>Turismo:<\/strong> El Parque Las Garzas, los balnearios Ca\u00f1o Amarillo, Queregua, Laguna de Musip\u00e1n, Morichal de Campo Ajuro. Patrimonios hist\u00f3ricos, art\u00edsticos y culturales: Centro Cultural Augusto Camino y la Casa de la Cultura. <\/span><\/p>\n<p><span style=\"font-family: Arial, Helvetica, sans-serif; font-size: small;\"> <strong>Folklore:<\/strong> Destacan la Danza del Cachicamo, La Trola de Chicho y la fiesta de la Virgen del Valle. <\/span><\/p>\n","protected":false},"excerpt":{"rendered":"<p>Poblaci\u00f3n: 49.526 habitantes (censo 2001) Superficie: 151 Km\u00b2 Porcentaje del territorio Estadal: 0,52% Longitud Oeste: 63\u00b030&#8242; &#8211; 63\u00b049&#8242;<\/p>\n","protected":false},"author":1,"featured_media":0,"parent":0,"menu_order":0,"comment_status":"closed","ping_status":"open","template":"","meta":{"footnotes":""},"_links":{"self":[{"href":"https:\/\/infomonagas.com\/sitio\/wp-json\/wp\/v2\/pages\/116"}],"collection":[{"href":"https:\/\/infomonagas.com\/sitio\/wp-json\/wp\/v2\/pages"}],"about":[{"href":"https:\/\/infomonagas.com\/sitio\/wp-json\/wp\/v2\/types\/page"}],"author":[{"embeddable":true,"href":"https:\/\/infomonagas.com\/sitio\/wp-json\/wp\/v2\/users\/1"}],"replies":[{"embeddable":true,"href":"https:\/\/infomonagas.com\/sitio\/wp-json\/wp\/v2\/comments?post=116"}],"version-history":[{"count":2,"href":"https:\/\/infomonagas.com\/sitio\/wp-json\/wp\/v2\/pages\/116\/revisions"}],"predecessor-version":[{"id":964,"href":"https:\/\/infomonagas.com\/sitio\/wp-json\/wp\/v2\/pages\/116\/revisions\/964"}],"wp:attachment":[{"href":"https:\/\/infomonagas.com\/sitio\/wp-json\/wp\/v2\/media?parent=116"}],"curies":[{"name":"wp","href":"https:\/\/api.w.org\/{rel}","templated":true}]}}