{"id":118,"date":"2013-01-19T10:15:46","date_gmt":"2013-01-19T14:45:46","guid":{"rendered":"http:\/\/infomonagas.com\/sitio\/?page_id=118"},"modified":"2023-12-03T15:59:22","modified_gmt":"2023-12-03T19:59:22","slug":"municipio-libertador","status":"publish","type":"page","link":"https:\/\/infomonagas.com\/sitio\/municipio-libertador\/","title":{"rendered":"Municipio Libertador"},"content":{"rendered":"<p><span style=\"font-family: Arial, Helvetica, sans-serif; font-size: small;\"><strong>Poblaci\u00f3n:<\/strong> 36.641 habitantes (censo 2001)<br \/>\n<strong>Superficie:<\/strong> 3500 Km\u00b2<br \/>\n<strong>Porcentaje del Territorio Estadal:<\/strong> 12,1%<br \/>\n<strong>Longitud Oeste:<\/strong> 62\u00b018&#8242; &#8211; 63\u00b003&#8242;<br \/>\n<strong>Latitud Norte:<\/strong> 08\u00b028&#8242; &#8211; 09\u00b027&#8242;<br \/>\n<strong>Capital:<\/strong> Temblador<br \/>\n<strong>L\u00edmites:<\/strong> Norte: Municipio Matur\u00edn. Este: Estado Delta Amacuro y Municipio Uracoa. Sur: Estado Anzo\u00e1tegui. Oeste: Municipio Matur\u00edn. <\/span><\/p>\n<p><span style=\"font-family: Arial, Helvetica, sans-serif; font-size: small;\"> Surge a ra\u00edz de la actividad petrolera en 1936. <\/span><\/p>\n<p><span style=\"font-family: Arial, Helvetica, sans-serif; font-size: small;\"> <strong>Clima:<\/strong><br \/>\nAltiplanicie (Mesa Llana) y Planicie Delt\u00e1ica, temperatura promedio anual de 27,1\u00b0C y precipitaciones de 1.000mm; promedio anual.<br \/>\n<strong>R\u00edos:<\/strong> Morichal Largo, Yabo, Simara, Uracoa y los Ca\u00f1os Gramalito y Guamal. <\/span><\/p>\n<p><span style=\"font-family: Arial, Helvetica, sans-serif; font-size: small;\"> <strong>Vegetaci\u00f3n:<\/strong><br \/>\nBosque seco Tropical, la formaci\u00f3n vegetal predominante es sabana abierta, representadas por gram\u00edneas perennes. Predominante la presencia del pino Caribe hacia el oeste y de morichales. <\/span><\/p>\n<p><span style=\"font-family: Arial, Helvetica, sans-serif; font-size: small;\"> <strong>Econom\u00eda:<\/strong><br \/>\nLa ganader\u00eda extensiva es la principal actividad (bovinos y carne), la actividad petrolera y recientemente la actividad forestal (Pino Caribe). <\/span><\/p>\n<p><span style=\"font-family: Arial, Helvetica, sans-serif; font-size: small;\"> <strong>Turismo:<\/strong><br \/>\nEl municipio Libertador cuenta con significativos recursos naturales, arqueol\u00f3gicos, \u00e9tnicos y monumentos arquitect\u00f3nicos, tales como: La Laguna Guasac\u00f3nica, cerca del r\u00edo Morichal Largo; La Laguna Yocore, que comunica al ca\u00f1o Guara; La Laguna de Ca\u00f1o Verde y Guaritica, r\u00edo Morichal Largo, r\u00edo Uracoa, r\u00edo Yabo, paisajes de Morichal, plantaciones de pinos y puerto Amador. <\/span><\/p>\n<p><span style=\"font-family: Arial, Helvetica, sans-serif; font-size: small;\"> <strong>Folklore:<\/strong><br \/>\nLas comunidades ind\u00edgenas Santo Domingo y El Pajal practican su artesan\u00eda. <\/span><\/p>\n","protected":false},"excerpt":{"rendered":"<p>Poblaci\u00f3n: 36.641 habitantes (censo 2001) Superficie: 3500 Km\u00b2 Porcentaje del Territorio Estadal: 12,1% Longitud Oeste: 62\u00b018&#8242; &#8211; 63\u00b003&#8242;<\/p>\n","protected":false},"author":1,"featured_media":0,"parent":0,"menu_order":0,"comment_status":"closed","ping_status":"open","template":"","meta":{"footnotes":""},"_links":{"self":[{"href":"https:\/\/infomonagas.com\/sitio\/wp-json\/wp\/v2\/pages\/118"}],"collection":[{"href":"https:\/\/infomonagas.com\/sitio\/wp-json\/wp\/v2\/pages"}],"about":[{"href":"https:\/\/infomonagas.com\/sitio\/wp-json\/wp\/v2\/types\/page"}],"author":[{"embeddable":true,"href":"https:\/\/infomonagas.com\/sitio\/wp-json\/wp\/v2\/users\/1"}],"replies":[{"embeddable":true,"href":"https:\/\/infomonagas.com\/sitio\/wp-json\/wp\/v2\/comments?post=118"}],"version-history":[{"count":2,"href":"https:\/\/infomonagas.com\/sitio\/wp-json\/wp\/v2\/pages\/118\/revisions"}],"predecessor-version":[{"id":966,"href":"https:\/\/infomonagas.com\/sitio\/wp-json\/wp\/v2\/pages\/118\/revisions\/966"}],"wp:attachment":[{"href":"https:\/\/infomonagas.com\/sitio\/wp-json\/wp\/v2\/media?parent=118"}],"curies":[{"name":"wp","href":"https:\/\/api.w.org\/{rel}","templated":true}]}}