{"id":124,"date":"2013-01-19T10:18:07","date_gmt":"2013-01-19T14:48:07","guid":{"rendered":"http:\/\/infomonagas.com\/sitio\/?page_id=124"},"modified":"2023-12-03T18:30:56","modified_gmt":"2023-12-03T22:30:56","slug":"jose-tadeo-monagas","status":"publish","type":"page","link":"https:\/\/infomonagas.com\/sitio\/jose-tadeo-monagas\/","title":{"rendered":"Jose Tadeo Monagas"},"content":{"rendered":"<p><img fetchpriority=\"high\" decoding=\"async\" src=\"http:\/\/www.infomonagas.com\/infoturismo\/archivos_personajes_de_monagas\/jose_tadeo_monagas.jpg\" alt=\"Jos\u00e9 Tadeo Monagas\" name=\"jose\" width=\"250\" height=\"307\" align=\"left\" id=\"jose\"\/><br \/>\n  <strong><font color=\"#FF6600\" size=\"4\" face=\"Arial, Helvetica, sans-serif\">Jos\u00e9 Tadeo Monagas<\/font><\/strong><br \/>\n<font face=\"Arial, Helvetica, sans-serif\" size=\"2\"><br \/>\n    Naci\u00f3 el 28 de octubre de 1784 a orillas del r\u00edo Amana, bajo la sombra de un tamarindo, debido a un incidente que casi hizo caer a su madre a las aguas del r\u00edo, lo que precipit\u00f3 su nacimiento.<br \/>\n  <\/font><\/p>\n<p><font face=\"Arial, Helvetica, sans-serif\" size=\"2\"><br \/>\n    Sus padres, Francisco Jos\u00e9 Monagas y Perfecta Burgos, eran propietarios del hato Veladero, y sus primeros a\u00f1os estuvieron marcados por el trabajo duro en los hatos, lo que posiblemente influy\u00f3 en su sobriedad y car\u00e1cter.<br \/>\n  <\/font><\/p>\n<p><font face=\"Arial, Helvetica, sans-serif\" size=\"2\"><br \/>\n    Durante la guerra de independencia, se uni\u00f3 a la causa patriota mostrando arrojo, serenidad, valent\u00eda y lealtad. Desde 1810 como subteniente, ascendi\u00f3 a general en jefe en 1816, participando en numerosas batallas como Carabobo, La Puerta, Aragua de Matur\u00edn, entre otras, junto a destacados l\u00edderes como Bol\u00edvar y Piar. En 1817 se cas\u00f3 con Luisa Oriach, con quien tuvo 9 hijos.<br \/>\n  <\/font><\/p>\n<p><font face=\"Arial, Helvetica, sans-serif\" size=\"2\"><br \/>\n    En 1846 fue elegido presidente de la rep\u00fablica, gobernando hasta 1851, y posteriormente, desde 1855 hasta 1859. Sin embargo, fue derrocado en 1858 por la llamada revoluci\u00f3n de Marzo, liderada por Juli\u00e1n Castro. Estos per\u00edodos, junto con el gobierno de su hermano Jos\u00e9 Gregorio Monagas, se conocen como el per\u00edodo de la Oligarqu\u00eda Liberal (1846-1858).<br \/>\n  <\/font><\/p>\n<p><font face=\"Arial, Helvetica, sans-serif\" size=\"2\"><br \/>\n    Durante aproximadamente cuarenta a\u00f1os, Jos\u00e9 Tadeo Monagas tuvo una influencia considerable en la vida pol\u00edtica del pa\u00eds. Caracterizado por su entorno rudo, era considerado fr\u00edo, calculador, astuto, severo e inflexible. Mantuvo una gran fortuna, con m\u00e1s de veinte haciendas y tres mansiones en la regi\u00f3n oriental, adem\u00e1s de controlar cargos importantes, inaugurando una era de nepotismo en el pa\u00eds.<br \/>\n  <\/font><\/p>\n<p><font face=\"Arial, Helvetica, sans-serif\" size=\"2\"><br \/>\n    Jos\u00e9 Tadeo Monagas falleci\u00f3 en Caracas el 18 de noviembre de 1868 a los 84 a\u00f1os, a causa de una pulmon\u00eda. Su muerte marc\u00f3 el fin de una era en la que su influencia pol\u00edtica y econ\u00f3mica fue significativa para el pa\u00eds.<br \/>\n  <\/font><\/p>\n","protected":false},"excerpt":{"rendered":"<p>Jos\u00e9 Tadeo Monagas Naci\u00f3 el 28 de octubre de 1784 a orillas del r\u00edo Amana, bajo la sombra<\/p>\n","protected":false},"author":1,"featured_media":0,"parent":0,"menu_order":0,"comment_status":"closed","ping_status":"open","template":"","meta":{"footnotes":""},"_links":{"self":[{"href":"https:\/\/infomonagas.com\/sitio\/wp-json\/wp\/v2\/pages\/124"}],"collection":[{"href":"https:\/\/infomonagas.com\/sitio\/wp-json\/wp\/v2\/pages"}],"about":[{"href":"https:\/\/infomonagas.com\/sitio\/wp-json\/wp\/v2\/types\/page"}],"author":[{"embeddable":true,"href":"https:\/\/infomonagas.com\/sitio\/wp-json\/wp\/v2\/users\/1"}],"replies":[{"embeddable":true,"href":"https:\/\/infomonagas.com\/sitio\/wp-json\/wp\/v2\/comments?post=124"}],"version-history":[{"count":3,"href":"https:\/\/infomonagas.com\/sitio\/wp-json\/wp\/v2\/pages\/124\/revisions"}],"predecessor-version":[{"id":990,"href":"https:\/\/infomonagas.com\/sitio\/wp-json\/wp\/v2\/pages\/124\/revisions\/990"}],"wp:attachment":[{"href":"https:\/\/infomonagas.com\/sitio\/wp-json\/wp\/v2\/media?parent=124"}],"curies":[{"name":"wp","href":"https:\/\/api.w.org\/{rel}","templated":true}]}}