{"id":126,"date":"2013-01-19T10:18:55","date_gmt":"2013-01-19T14:48:55","guid":{"rendered":"http:\/\/infomonagas.com\/sitio\/?page_id=126"},"modified":"2023-12-03T18:26:21","modified_gmt":"2023-12-03T22:26:21","slug":"el-indio-maturin-cacique-chaima","status":"publish","type":"page","link":"https:\/\/infomonagas.com\/sitio\/el-indio-maturin-cacique-chaima\/","title":{"rendered":"El Indio Matur\u00edn (Cacique Chaima)"},"content":{"rendered":"<p><strong style=\"font-size: revert; color: initial;\"><span style=\"color: #ff6600; font-family: Arial, Helvetica, sans-serif; font-size: large;\">Indio Matur\u00edn (Cacique Chaima):<\/span><\/strong><\/p>\n<div>\n<p><span style=\"font-size: small;\"> El Indio Matur\u00edn naci\u00f3 en las riberas del Guarapiche, siendo hijo del viejo Cacique Matur\u00edn, bautizado por los misioneros franceses. <\/span><\/p>\n<p><span style=\"font-size: small;\"> Este dirigi\u00f3 la rebeli\u00f3n caribe de la primera d\u00e9cada del siglo XVIII contra la penetraci\u00f3n y conquista de los espa\u00f1oles, alzando en armas a los principales caudillos ind\u00edgenas de toda la enorme comarca del Guarapiche. <\/span><\/p>\n<p><span style=\"font-size: small;\"> Protegi\u00f3 a las tribus que le obedec\u00edan hasta lo \u00faltimo. Cuando ya no pod\u00eda resistir m\u00e1s al poder\u00edo de los peninsulares, sucumbi\u00f3 nimbado de gloria. La tradici\u00f3n le recuerda al lado de su mujer, la cacica Yarura, y su hija, la princesa Yar\u00faa. <\/span><\/p>\n<p><span style=\"font-size: small;\"> Logr\u00f3 agrupar toda la fuerza aborigen que merodeaba entre el Guarapiche y el Amana. Su capacidad organizativa, su valor a toda prueba, el amor por su gente y la resoluci\u00f3n de combatir hasta morir le confieren supremac\u00eda sobre sus lugartenientes: Achacapraca, Iguanaima, Tuapocan, El Herrero, Cunaguara, Canaguaima y otros. Como digno \u00e9mulo de Cayaurima, Urimare y Toronor\u00edn, supo golpear duro a los conquistadores, hasta que todo fue perdido. <\/span><\/p>\n<p><span style=\"font-size: small;\"> En diciembre de 1718, se enfrenta a los edecanes del gobernador de Cuman\u00e1, Jos\u00e9 Carre\u00f1o, y cae en un combate desigual, a bala y flecha. La ciudad invicta perpet\u00faa su nombre. Por ello, el escultor Efra\u00edn Villarroel Moya esculpe su imagen en un monumento de piedra en 1960 con ocasi\u00f3n de los 200 a\u00f1os de la ciudad. Hoy la ciudad evoca el coraje y la lealtad de este valiente cacique. <\/span><\/p>\n<p><!-- Aqu\u00ed puedes agregar m\u00e1s informaci\u00f3n relevante sobre el Indio Matur\u00edn --><\/div>\n","protected":false},"excerpt":{"rendered":"<p>Indio Matur\u00edn (Cacique Chaima): El Indio Matur\u00edn naci\u00f3 en las riberas del Guarapiche, siendo hijo del viejo Cacique<\/p>\n","protected":false},"author":1,"featured_media":0,"parent":0,"menu_order":0,"comment_status":"closed","ping_status":"open","template":"","meta":{"footnotes":""},"_links":{"self":[{"href":"https:\/\/infomonagas.com\/sitio\/wp-json\/wp\/v2\/pages\/126"}],"collection":[{"href":"https:\/\/infomonagas.com\/sitio\/wp-json\/wp\/v2\/pages"}],"about":[{"href":"https:\/\/infomonagas.com\/sitio\/wp-json\/wp\/v2\/types\/page"}],"author":[{"embeddable":true,"href":"https:\/\/infomonagas.com\/sitio\/wp-json\/wp\/v2\/users\/1"}],"replies":[{"embeddable":true,"href":"https:\/\/infomonagas.com\/sitio\/wp-json\/wp\/v2\/comments?post=126"}],"version-history":[{"count":3,"href":"https:\/\/infomonagas.com\/sitio\/wp-json\/wp\/v2\/pages\/126\/revisions"}],"predecessor-version":[{"id":987,"href":"https:\/\/infomonagas.com\/sitio\/wp-json\/wp\/v2\/pages\/126\/revisions\/987"}],"wp:attachment":[{"href":"https:\/\/infomonagas.com\/sitio\/wp-json\/wp\/v2\/media?parent=126"}],"curies":[{"name":"wp","href":"https:\/\/api.w.org\/{rel}","templated":true}]}}