{"id":128,"date":"2013-01-19T10:19:23","date_gmt":"2013-01-19T14:49:23","guid":{"rendered":"http:\/\/infomonagas.com\/sitio\/?page_id=128"},"modified":"2023-12-03T18:37:08","modified_gmt":"2023-12-03T22:37:08","slug":"juana-la-avanzadora","status":"publish","type":"page","link":"https:\/\/infomonagas.com\/sitio\/juana-la-avanzadora\/","title":{"rendered":"Juana la Avanzadora"},"content":{"rendered":"<p><span style=\"font-family: Arial, Helvetica, sans-serif; font-size: small;\"> <strong> <span style=\"color: #ff6600; font-size: large;\">Juana la Avanzadora:<\/span> <\/strong><br \/>\nJuana la Avanzadora naci\u00f3 en 1790 en el pueblo de Chaguaramas. Se cree que sus padres fueron la esclava Guadalupe y el pr\u00f3cer Andr\u00e9s Rojas. <\/span><\/p>\n<p><span style=\"font-family: Arial, Helvetica, sans-serif; font-size: small;\"> Cuando era ni\u00f1a, Juana se dedicaba a las labores dom\u00e9sticas junto a su madre en una hacienda de cacao de la familia Rojas Ram\u00edrez. Do\u00f1a Teresa Ram\u00edrez Valderrama, esposa del General Joaqu\u00edn Torres, preocupada por la suerte de Juana, la tom\u00f3 bajo su protecci\u00f3n y le brind\u00f3 amparo maternalmente, cri\u00e1ndola con gran decencia. De joven, se recuerda su importante participaci\u00f3n en la guerra de independencia, especialmente en la ciudad de Matur\u00edn, conocida como \u00abEl Sepulcro de los Tiranos\u00bb. <\/span><\/p>\n<p><span style=\"font-family: Arial, Helvetica, sans-serif; font-size: small;\"> Entre los a\u00f1os 1813 y 1814 en tierras monaguenses, existi\u00f3 una peculiar Bater\u00eda de Mujeres dirigida por Juana Ram\u00edrez, quien se convirti\u00f3 en \u00abLa Avanzadora\u00bb el 25 de mayo de 1813, en la hist\u00f3rica Batalla de Altos de Godos. En dicha ocasi\u00f3n, se inmortaliz\u00f3 en la historia patria al ser la primera en salir desde una fosa situada en las inmediaciones de la actual plaza Piar de Matur\u00edn. Avanz\u00f3 heroicamente en medio de una lluvia de balas para atravesar el campo, tomar la espada de un general muerto y alzar el arma como estandarte de Libertad. Este acto inspir\u00f3 a Piar, Berm\u00fadez y Jos\u00e9 Tadeo Monagas para derrotar al jefe realista Domingo de Monteverde. <\/span><\/p>\n<p><span style=\"font-family: Arial, Helvetica, sans-serif; font-size: small;\"> Su victoria fue el resultado del esfuerzo conjunto de numerosos hombres y mujeres. Juana Ram\u00edrez, conocida como La Avanzadora, falleci\u00f3 en 1856 en el pueblo monaguense de San Vicente. <\/span><\/p>\n","protected":false},"excerpt":{"rendered":"<p>Juana la Avanzadora: Juana la Avanzadora naci\u00f3 en 1790 en el pueblo de Chaguaramas. Se cree que sus<\/p>\n","protected":false},"author":1,"featured_media":0,"parent":0,"menu_order":0,"comment_status":"closed","ping_status":"open","template":"","meta":{"footnotes":""},"_links":{"self":[{"href":"https:\/\/infomonagas.com\/sitio\/wp-json\/wp\/v2\/pages\/128"}],"collection":[{"href":"https:\/\/infomonagas.com\/sitio\/wp-json\/wp\/v2\/pages"}],"about":[{"href":"https:\/\/infomonagas.com\/sitio\/wp-json\/wp\/v2\/types\/page"}],"author":[{"embeddable":true,"href":"https:\/\/infomonagas.com\/sitio\/wp-json\/wp\/v2\/users\/1"}],"replies":[{"embeddable":true,"href":"https:\/\/infomonagas.com\/sitio\/wp-json\/wp\/v2\/comments?post=128"}],"version-history":[{"count":2,"href":"https:\/\/infomonagas.com\/sitio\/wp-json\/wp\/v2\/pages\/128\/revisions"}],"predecessor-version":[{"id":998,"href":"https:\/\/infomonagas.com\/sitio\/wp-json\/wp\/v2\/pages\/128\/revisions\/998"}],"wp:attachment":[{"href":"https:\/\/infomonagas.com\/sitio\/wp-json\/wp\/v2\/media?parent=128"}],"curies":[{"name":"wp","href":"https:\/\/api.w.org\/{rel}","templated":true}]}}