{"id":136,"date":"2013-01-19T10:22:40","date_gmt":"2013-01-19T14:52:40","guid":{"rendered":"http:\/\/infomonagas.com\/sitio\/?page_id=136"},"modified":"2023-12-02T22:44:03","modified_gmt":"2023-12-03T02:44:03","slug":"estado-monagas-venezuela","status":"publish","type":"page","link":"https:\/\/infomonagas.com\/sitio\/estado-monagas-venezuela\/","title":{"rendered":"Estado Monagas &#8211; Venezuela"},"content":{"rendered":"<form action=\"http:\/\/www.google.co.ve\/custom\" method=\"get\" target=\"google_window\"><strong>Ponemos a su disposici\u00f3n informaci\u00f3n relacionada con el Estado Monagas. Descubre las maravillas de esta hermosa tierra. Y si tienes informaci\u00f3n tur\u00edstica que quieras compartir, escr\u00edbenos.<\/strong><\/form>\n<p><strong>Estado Monagas<\/strong><\/p>\n<ul>\n<li><a href=\"http:\/\/infomonagas.com\/sitio\/estado-monagas-caracteristicas\/\">Caracter\u00edsticas del Estado Monagas<\/a><\/li>\n<\/ul>\n<p><strong>Municipios:<\/strong><\/p>\n<ul>\n<li><a href=\"http:\/\/infomonagas.com\/sitio\/municipio-acosta\/\">Acosta<\/a><\/li>\n<li><a href=\"http:\/\/infomonagas.com\/sitio\/municipio-aguasay\/\">Aguasay<\/a><\/li>\n<li><a href=\"http:\/\/infomonagas.com\/sitio\/municipio-bolivar\/\">Bol\u00edvar<\/a><\/li>\n<li><a href=\"http:\/\/infomonagas.com\/sitio\/municipio-caripe\/\">Caripe<\/a><\/li>\n<li><a href=\"http:\/\/infomonagas.com\/sitio\/municipio-cedeno\/\">Cede\u00f1o<\/a><\/li>\n<li><a href=\"http:\/\/infomonagas.com\/sitio\/municipio-ezequiel-zamora\/\">Ezequiel Zamora<\/a><\/li>\n<li><a href=\"http:\/\/infomonagas.com\/sitio\/municipio-libertador\/\">Libertador<\/a><\/li>\n<li><a href=\"http:\/\/infomonagas.com\/sitio\/municipio-maturin\/\">Matur\u00edn<\/a><\/li>\n<li><a href=\"https:\/\/infomonagas.com\/sitio\/municipio-piar\/\">Piar<\/a><\/li>\n<li><a href=\"https:\/\/infomonagas.com\/sitio\/municipio-punceres\/\">Punceres<\/a><\/li>\n<li><a href=\"https:\/\/infomonagas.com\/sitio\/municipio-santa-barbara\/\">Santa B\u00e1rbara<\/a><\/li>\n<li><a href=\"https:\/\/infomonagas.com\/sitio\/municipio-sotillo\/\">Sotillo<\/a><\/li>\n<li><a href=\"https:\/\/infomonagas.com\/sitio\/municipio-uracoa\/\">Uracoa<\/a><\/li>\n<\/ul>\n<p><a href=\"http:\/\/infomonagas.com\/sitio\/turismo-en-maturin\/\">Turismo en Matur\u00edn<\/a><\/p>\n<p><a href=\"http:\/\/infomonagas.com\/sitio\/maturin-sitios-de-interes\/\">Matur\u00edn \/ Sitios de Inter\u00e9s<\/a><\/p>\n<p><a href=\"http:\/\/infomonagas.com\/sitio\/maturin-costumbres-y-tradiciones\/\">Matur\u00edn \/ Costumbres y Tradiciones<\/a><\/p>\n<p><a href=\"http:\/\/infomonagas.com\/sitio\/estadio-de-futbol-la-avanzadora-de-maturin\/\">Estadio de F\u00fatbol \u00abLa Avanzadora\u00bb de Matur\u00edn.<\/a><\/p>\n<p>Catedral de Matur\u00edn \/ Fotos<\/p>\n<p>Fotos de los Jes\u00fas de Nazaret de la Catedral de Matur\u00edn e Iglesias San Sim\u00f3n y la Santa Cruz<\/p>\n<p>Parque la Guaricha de Matur\u00edn<\/p>\n<p><strong>Ciudades:<\/strong><\/p>\n<ul>\n<li><a href=\"http:\/\/infomonagas.com\/sitio\/ciudades-importantes-del-estado-monagas\/\">Punta de Mata<\/a><br \/>\nAlgunas Fotos de Punta de Mata<\/li>\n<\/ul>\n<ul>\n<li><a href=\"http:\/\/infomonagas.com\/sitio\/ciudades-importantes-del-estado-monagas\/\">Temblador<\/a><\/li>\n<li><a href=\"http:\/\/infomonagas.com\/sitio\/ciudades-importantes-del-estado-monagas\/\">Caripito<\/a><\/li>\n<li><a href=\"http:\/\/infomonagas.com\/sitio\/ciudades-importantes-del-estado-monagas\/\">Caicara de Matur\u00edn<\/a><\/li>\n<li><a href=\"http:\/\/infomonagas.com\/sitio\/ciudades-importantes-del-estado-monagas\/\">Jusep\u00edn<\/a><\/li>\n<li><a href=\"http:\/\/infomonagas.com\/sitio\/ciudades-importantes-del-estado-monagas\/\">San Antonio<\/a><\/li>\n<\/ul>\n<p><strong>Lugares Importantes del Estado Monagas:<\/strong><\/p>\n<ul>\n<li><a href=\"http:\/\/infomonagas.com\/sitio\/cueva-del-guacharo-caripe-estado-monagas-venezuela\/\">Cueva del Gu\u00e1charo<\/a><\/li>\n<li><a href=\"http:\/\/infomonagas.com\/sitio\/iglesias-del-estado-monagas\/\">Iglesias del Estado Monagas<\/a><\/li>\n<li><a href=\"http:\/\/infomonagas.com\/sitio\/lugares-importantes-del-estado-monagas\/\">Caripe del Gu\u00e1charo, Balneario de Miraflores, Salto La Paila, El Chorrer\u00f3n,<\/a><br \/>\n<a href=\"http:\/\/infomonagas.com\/sitio\/lugares-importantes-del-estado-monagas\/\">R\u00edo morichal largo, Balneario de Aguas Sulfurosas de Quiriquire, Poza<\/a><br \/>\n<a href=\"http:\/\/infomonagas.com\/sitio\/lugares-importantes-del-estado-monagas\/\">de Azufre, Cascada El Nazareno, Balneario El Pil\u00f3n, Embalse El Guamo,<\/a><br \/>\n<a href=\"http:\/\/infomonagas.com\/sitio\/lugares-importantes-del-estado-monagas\/\">Volc\u00e1n de Matur\u00edn<\/a><\/li>\n<\/ul>\n<p><strong>Personajes del Estado Monagas:<\/strong><\/p>\n<ul>\n<li><a href=\"http:\/\/infomonagas.com\/sitio\/jose-tadeo-monagas\/\">Jos\u00e9 Tadeo Monagas<\/a><\/li>\n<li><a href=\"http:\/\/infomonagas.com\/sitio\/el-indio-maturin-cacique-chaima\/\">Indio Matur\u00edn<\/a><\/li>\n<li><a href=\"http:\/\/infomonagas.com\/sitio\/juana-la-avanzadora\/\">Juana la Avanzadora<\/a><\/li>\n<\/ul>\n<p><strong>S\u00edmbolos Patrios del Estado Monagas:<\/strong><\/p>\n<ul>\n<li><a href=\"https:\/\/infomonagas.com\/sitio\/simbolos-patrios-del-estado-monagas\/\">Escudo, Bandera, Himno<\/a><\/li>\n<\/ul>\n<p><strong>Ver Mapas:<\/strong><\/p>\n<ul>\n<li><a href=\"http:\/\/www.infomonagas.com\/mapa_estado_monagas.htm\">Mapa del Estado Monagas<\/a><\/li>\n<li><a href=\"http:\/\/www.infomonagas.com\/mapavial_estado_monagas.htm\">Mapa vial del Estado Monagas<\/a><\/li>\n<\/ul>\n<p><strong>Gobernadores del Estado Monagas:<\/strong><\/p>\n<ul>\n<li><a href=\"http:\/\/infomonagas.com\/sitio\/gobernadores-del-estado-monagas\/\">Ver Gobernadores del Estado Monagas<\/a><\/li>\n<\/ul>\n<p><strong>Descargas:<\/strong><\/p>\n<ul>\n<li><a href=\"http:\/\/www.infomonagas.com\/descargas\/Monagas.zip\">Estado Monagas.- Divisi\u00f3n pol\u00edtico territorial, seg\u00fan municipios y parroquias, 2003<\/a><\/li>\n<\/ul>\n<p><strong>Descargas de inter\u00e9s:<\/strong><\/p>\n<p>Fuente: Instituto Nacional de Estad\u00edstica<\/p>\n<p><strong>Poblaci\u00f3n<\/strong><\/p>\n<ul>\n<li><a href=\"http:\/\/www.infomonagas.com\/descargas\/poblacion\/Poblacion1.zip\">Poblaci\u00f3n por a\u00f1o censal y \u00e1rea urbano-rural, seg\u00fan sexo y grupo de edad quinquenal, 1971, 1981, 1990 y 2001<\/a><\/li>\n<li><a href=\"http:\/\/www.infomonagas.com\/descargas\/poblacion\/Poblacion2.zip\">Poblaci\u00f3n censal y porcentaje por \u00e1rea urbano-rural, seg\u00fan municipio y sexo, 2007<\/a><\/li>\n<li><a href=\"http:\/\/www.infomonagas.com\/descargas\/poblacion\/Poblacion3.zip\">Poblaci\u00f3n y tasa de crecimiento geom\u00e9trico, seg\u00fan \u00e1rea urbano-rural y a\u00f1o censal, 1961, 1971, 1981, 1990 y 2001<\/a><\/li>\n<li><a href=\"http:\/\/www.infomonagas.com\/descargas\/poblacion\/Poblacion4.zip\">Densidad poblacional seg\u00fan municipio, 2007<\/a><\/li>\n<li><a href=\"http:\/\/www.infomonagas.com\/descargas\/poblacion\/Poblacion5.zip\">Proyecciones de poblaci\u00f3n por a\u00f1o, seg\u00fan sexo y municipio, 2000 &#8211; 2010<\/a><\/li>\n<li><a href=\"http:\/\/www.infomonagas.com\/descargas\/poblacion\/Poblacion6.zip\">Proyecciones de poblaci\u00f3n por municipio, seg\u00fan sexo y grupo quinquenal de edad, 2007<\/a><\/li>\n<li><a href=\"http:\/\/www.infomonagas.com\/descargas\/poblacion\/Poblacion7.zip\">Poblaci\u00f3n por municipio, seg\u00fan sexo y grupo de edad especial. Indicadores de relaciones demogr\u00e1ficas, 2007<\/a><\/li>\n<li><a href=\"http:\/\/www.infomonagas.com\/descargas\/poblacion\/Poblacion8.zip\">Poblaci\u00f3n que se declar\u00f3 como perteneciente a una etnia ind\u00edgena en el Censo General de Poblaci\u00f3n y Vivienda por municipio de residencia, seg\u00fan sexo y pueblo ind\u00edgena, 2001<\/a><\/li>\n<li><a href=\"http:\/\/www.infomonagas.com\/descargas\/poblacion\/Poblacion9.zip\">Poblaci\u00f3n censal ind\u00edgena por municipio, seg\u00fan sexo y pueblo ind\u00edgena, 2001<\/a><\/li>\n<li><a href=\"http:\/\/www.infomonagas.com\/descargas\/poblacion\/piramide_poblacion_monagas.zip\">Pir\u00e1mide de poblaci\u00f3n 2007<\/a><\/li>\n<li><a href=\"http:\/\/www.infomonagas.com\/descargas\/poblacion\/mapa_densidad_poblacion_monagas.zip\">Densidad poblacional<\/a><\/li>\n<li><a href=\"http:\/\/www.infomonagas.com\/descargas\/poblacion\/mapa_masculinidad_poblacion_monagas.zip\">\u00cdndice de masculinidad<\/a><\/li>\n<li><a href=\"http:\/\/www.infomonagas.com\/descargas\/poblacion\/mapa_remplazo_monagas.zip\">Raz\u00f3n de reemplazo<\/a><\/li>\n<\/ul>\n<p><strong>Din\u00e1mica de los hogares y ciclo de vida<\/strong><\/p>\n<ul>\n<li><a href=\"http:\/\/www.infomonagas.com\/descargas\/dinamica_hogar_ciclo_vida\/Dinamica1.zip\">Nacimientos vivos registrados por a\u00f1o y sexo, seg\u00fan municipio de residencia habitual de la madre, 2001 &#8211; 2006<\/a><\/li>\n<li><a href=\"http:\/\/www.infomonagas.com\/descargas\/dinamica_hogar_ciclo_vida\/Dinamica2.zip\">Nacimientos vivos registrados por municipio de residencia habitual de la madre, seg\u00fan sexo y grupo de edad de la madre, 2006<\/a><\/li>\n<li><a href=\"http:\/\/www.infomonagas.com\/descargas\/dinamica_hogar_ciclo_vida\/Dinamica3.zip\">Nacimientos vivos registrados por situaci\u00f3n conyugal de la madre, seg\u00fan municipio de residencia habitual de la madre, 2006<\/a><\/li>\n<li><a href=\"http:\/\/www.infomonagas.com\/descargas\/dinamica_hogar_ciclo_vida\/Dinamica4.zip\">Defunciones Registradas por a\u00f1o y sexo seg\u00fan municipio de residencia habitual, 2001 &#8211; 2006<\/a><\/li>\n<li><a href=\"http:\/\/www.infomonagas.com\/descargas\/dinamica_hogar_ciclo_vida\/Dinamica5.zip\">Defunciones registradas por municipio de residencia habitual, seg\u00fan sexo y grupo de edad, 2006<\/a><\/li>\n<li><a href=\"http:\/\/www.infomonagas.com\/descargas\/dinamica_hogar_ciclo_vida\/Dinamica6.zip\">Defunciones registradas de ni\u00c3\u00b1os menores de 5 a\u00c3\u00b1os por a\u00c3\u00b1o y sexo, seg\u00c3\u00ban municipio de residencia habitual de la madre, 2001- 2006<\/a><\/li>\n<li><a href=\"http:\/\/www.infomonagas.com\/descargas\/dinamica_hogar_ciclo_vida\/Dinamica7.zip\">Matrimonios por a\u00c3\u00b1o, seg\u00c3\u00ban municipio de registro, 2001 &#8211; 2006<\/a><\/li>\n<li><a href=\"http:\/\/www.infomonagas.com\/descargas\/dinamica_hogar_ciclo_vida\/Dinamica8.zip\">Divorcios por a\u00c3\u00b1o de sentencia, seg\u00c3\u00ban municipio de registro, 2001 &#8211; 2006<\/a><\/li>\n<li><a href=\"http:\/\/www.infomonagas.com\/descargas\/dinamica_hogar_ciclo_vida\/Dinamica9.zip\">Indicadores de din\u00c3\u00a1mica de los hogares y ciclo de vida por municipio<\/a><\/li>\n<\/ul>\n<p><b>G\u00e9nero<\/b><\/p>\n<ul>\n<li><a href=\"http:\/\/www.infomonagas.com\/descargas\/genero\/Genero1.zip\">Indicadores de g\u00c3\u00a9nero, 2005<\/a><\/li>\n<\/ul>\n<p><strong>Educacion<\/strong><\/p>\n<ul>\n<li><a href=\"http:\/\/www.infomonagas.com\/descargas\/educacion\/Educacion1.zip\">Matr\u00c3\u00adcula por nivel educativo, seg\u00c3\u00ban municipio y sexo, 2005-2006<\/a><\/li>\n<li><a href=\"http:\/\/www.infomonagas.com\/descargas\/educacion\/Educacion3.zip\">Matr\u00c3\u00adcula repitiente por nivel educativo, seg\u00c3\u00ban municipio y sexo, 2005 &#8211; 2006<\/a><\/li>\n<li><a href=\"http:\/\/www.infomonagas.com\/descargas\/educacion\/Educacion4.zip\">Indicadores de educaci\u00c3\u00b3n por nivel educativo, seg\u00c3\u00ban municipio, 2005 &#8211; 2006<\/a><\/li>\n<li><a href=\"http:\/\/www.infomonagas.com\/descargas\/educacion\/Educacion6.zip\">Poblaci\u00f3n de 15 a\u00f1os y m\u00e1s. Promedio de a\u00f1os de estudio por sexo, seg\u00fan grupos de edad. 2do semestre 2006<\/a><\/li>\n<li><a href=\"http:\/\/www.infomonagas.com\/descargas\/educacion\/Educacion7.zip\">Poblaci\u00f3n de 15 a\u00f1os y m\u00e1s. Jefe del hogar. Promedio de a\u00f1os de estudio seg\u00fan sexo y grupos de edad. 2do semestre 2006<\/a><\/li>\n<li><a href=\"http:\/\/www.infomonagas.com\/descargas\/educacion\/Educacion8.zip\">Poblaci\u00f3n de 15 a\u00f1os y m\u00e1s. Ocupada remunerada. Promedio de a\u00f1os de estudios seg\u00fan sexo y rama de actividad econ\u00f3mica. 2do semestre 2006<\/a><\/li>\n<li><a href=\"http:\/\/www.infomonagas.com\/descargas\/educacion\/mapa_repitientes_educacion.zip\">Porcentaje de repitientes en la Educaci\u00f3n B\u00e1sica<\/a><\/li>\n<\/ul>\n<p><strong>Salud<\/strong><\/p>\n<ul>\n<li><a href=\"http:\/\/www.infomonagas.com\/descargas\/salud\/Salud1.zip\">Principales causas de muerte por sexo e indicadores, seg\u00fan grado de prevenibilidad, 2005<\/a><\/li>\n<li><a href=\"http:\/\/www.infomonagas.com\/descargas\/salud\/Salud2.zip\">Defunciones por municipio de residencia habitual seg\u00fan sexo y grado de prevenibilidad, 2005<\/a><\/li>\n<li><a href=\"http:\/\/www.infomonagas.com\/descargas\/salud\/Salud3.zip\">Promedio de a\u00f1os potenciales de vida perdidos por sexo, seg\u00fan municipio de residencia habitual, 2001 &#8211; 2005<\/a><\/li>\n<li><a href=\"http:\/\/www.infomonagas.com\/descargas\/salud\/Salud4.zip\">Principales causas de muerte en menores de 5 a\u00f1os por sexo e indicadores, seg\u00fan grado de prevenibilidad, 2005<\/a><\/li>\n<li><a href=\"http:\/\/www.infomonagas.com\/descargas\/salud\/Salud5.zip\">Enfermedades de notificaci\u00f3n obligatoria reportadas por a\u00f1o de ocurrencia, seg\u00fan tipo de enfermedad, 2000- 2004<\/a><\/li>\n<li><a href=\"http:\/\/www.infomonagas.com\/descargas\/salud\/Salud6.zip\">Principales causas de consulta atendidas en ambulatorios por a\u00f1o de ocurrencia, seg\u00fan tipo de enfermedad, 2000 &#8211; 2004<\/a><\/li>\n<li><a href=\"http:\/\/www.infomonagas.com\/descargas\/salud\/Salud7.zip\">Principales causas de consulta atendidas en ambulatorios por municipio, seg\u00fan tipo de enfermedad, 2006<\/a><\/li>\n<li><a href=\"http:\/\/www.infomonagas.com\/descargas\/salud\/Salud8.zip\">Recursos de salud y sus principales indicadores, 2000-2004<\/a><\/li>\n<li><a href=\"http:\/\/www.infomonagas.com\/descargas\/salud\/Salud9.zip\">Establecimientos de salud por municipio, seg\u00fan dependencia y tipo, 2007<\/a><\/li>\n<li><a href=\"http:\/\/www.infomonagas.com\/descargas\/salud\/mapa_promedio_salud.zip\">Promedio de a\u00f1os potenciales de vida perdidos. Representaci\u00f3n cartogr\u00e1fica<\/a><\/li>\n<\/ul>\n<p><strong>Nutrici\u00f3n<\/strong><\/p>\n<ul>\n<li><a href=\"http:\/\/www.infomonagas.com\/descargas\/nutricion\/Nutricion1.zip\">Situaci\u00f3n nutricional de ni\u00f1os menores de 15 a\u00f1os evaluados por SISVAN, por combinaci\u00f3n de indicadores, seg\u00fan grupos de edad y municipios, 2005<\/a><\/li>\n<li><a href=\"http:\/\/www.infomonagas.com\/descargas\/nutricion\/Nutricion2.zip\">Defunciones debidas a causas asociadas a la nutrici\u00f3n por sexo, seg\u00fan grupos de edad, 2005<\/a><\/li>\n<\/ul>\n<p><strong>Empleo, Ingresos y Condiciones de Vida<\/strong><\/p>\n<ul>\n<li><a href=\"http:\/\/www.infomonagas.com\/descargas\/empleo\/Empleo1.zip\">Indicadores globales de la fuerza de trabajo seg\u00fan sexo. 2do. semestre 2006<\/a><\/li>\n<li><a href=\"http:\/\/www.infomonagas.com\/descargas\/empleo\/Empleo2.zip\">Poblaci\u00f3n de 15 a\u00f1os y m\u00e1s ocupada, participaci\u00f3n porcentual seg\u00fan sexo y rama de actividad econ\u00f3mica, 2do. semestre 2005 y 2do. semestre 2006<\/a><\/li>\n<li><a href=\"http:\/\/www.infomonagas.com\/descargas\/empleo\/Empleo3.zip\">Poblaci\u00f3n de 15 a\u00f1os y m\u00e1s ocupada, participaci\u00f3n porcentual seg\u00fan sexo y categor\u00eda de ocupaci\u00f3n, 2do. semestre 2005 y 2do. semestre 2006<\/a><\/li>\n<li><a href=\"http:\/\/www.infomonagas.com\/descargas\/empleo\/Empleo4.zip\">Poblaci\u00f3n de 15 a\u00f1os y m\u00e1s ocupada, participaci\u00f3n porcentual seg\u00fan sexo y principales grupos de ocupaci\u00f3n, 2do. semestre 2005 y 2do. semestre 2006<\/a><\/li>\n<li><a href=\"http:\/\/www.infomonagas.com\/descargas\/empleo\/Empleo5.zip\">Poblaci\u00f3n de 15 a\u00f1os y m\u00e1s. Ocupada remunerada. Promedio de ingresos seg\u00fan sexo y sector econ\u00f3mico. 2do Semestre 2005 y 2do Semestre 2006<\/a><\/li>\n<\/ul>\n<p><strong>C\u00f3digos Postales del Estado Monagas<\/strong><\/p>\n<ul>\n<li><a href=\"http:\/\/infomonagas.com\/sitio\/codigos-postales-del-estado-monagas\/\">Ver C\u00f3digos Postales<\/a><\/li>\n<\/ul>\n","protected":false},"excerpt":{"rendered":"<p>Ponemos a su disposici\u00f3n informaci\u00f3n relacionada con el Estado Monagas. Descubre las maravillas de esta hermosa tierra. Y<\/p>\n","protected":false},"author":1,"featured_media":0,"parent":0,"menu_order":0,"comment_status":"closed","ping_status":"open","template":"","meta":{"footnotes":""},"_links":{"self":[{"href":"https:\/\/infomonagas.com\/sitio\/wp-json\/wp\/v2\/pages\/136"}],"collection":[{"href":"https:\/\/infomonagas.com\/sitio\/wp-json\/wp\/v2\/pages"}],"about":[{"href":"https:\/\/infomonagas.com\/sitio\/wp-json\/wp\/v2\/types\/page"}],"author":[{"embeddable":true,"href":"https:\/\/infomonagas.com\/sitio\/wp-json\/wp\/v2\/users\/1"}],"replies":[{"embeddable":true,"href":"https:\/\/infomonagas.com\/sitio\/wp-json\/wp\/v2\/comments?post=136"}],"version-history":[{"count":14,"href":"https:\/\/infomonagas.com\/sitio\/wp-json\/wp\/v2\/pages\/136\/revisions"}],"predecessor-version":[{"id":943,"href":"https:\/\/infomonagas.com\/sitio\/wp-json\/wp\/v2\/pages\/136\/revisions\/943"}],"wp:attachment":[{"href":"https:\/\/infomonagas.com\/sitio\/wp-json\/wp\/v2\/media?parent=136"}],"curies":[{"name":"wp","href":"https:\/\/api.w.org\/{rel}","templated":true}]}}