{"id":94,"date":"2013-01-19T10:08:30","date_gmt":"2013-01-19T14:38:30","guid":{"rendered":"http:\/\/infomonagas.com\/sitio\/?page_id=94"},"modified":"2023-12-03T16:01:38","modified_gmt":"2023-12-03T20:01:38","slug":"municipio-maturin","status":"publish","type":"page","link":"https:\/\/infomonagas.com\/sitio\/municipio-maturin\/","title":{"rendered":"Municipio Maturin"},"content":{"rendered":"<p><span style=\"font-family: Arial, Helvetica, sans-serif; font-size: small;\"><strong>Poblaci\u00f3n:<\/strong> 401.384 habitantes (censo 2001)<br \/>\n<strong>Superficie:<\/strong> 13.352 Km\u00b2<br \/>\n<strong>Porcentaje del Territorio Estadal:<\/strong> 46,13%<br \/>\n<strong>Longitud Oeste:<\/strong> 62\u00b024&#8242; &#8211; 63\u00b032&#8242;<br \/>\n<strong>Latitud Norte:<\/strong> 08\u00b046&#8242; &#8211; 10\u00b014&#8242;<br \/>\n<strong>Capital:<\/strong> Matur\u00edn<br \/>\n<strong>L\u00edmites:<\/strong> Norte: Municipios Cede\u00f1o, Piar y el Delta Amacuro. Sur: Municipio Libertador y Estado Anzo\u00e1tegui. Oeste: Municipios Ezequiel Zamora, Aguasay, Santa B\u00e1rbara y el Estado Anzo\u00e1tegui. <\/span><\/p>\n<p><span style=\"font-family: Arial, Helvetica, sans-serif; font-size: small;\"> Matur\u00edn fue Fundada en 1760 por el Padre Fray Lucas Zaragoza. <\/span><\/p>\n<p><span style=\"font-family: Arial, Helvetica, sans-serif; font-size: small;\"> <strong>Clima:<\/strong><br \/>\nMesa Llana, Mesa Disectada, planicie aluvial de desborde. Presenta una temperatura media anual de 27,3\u00b0C y una precipitaci\u00f3n promedio anual de 1.298mm.<br \/>\n<strong>R\u00edos:<\/strong> Guarapiche, Guanipa, Amana, Punceres, Tigre y Morichal Largo. <\/span><\/p>\n<p><span style=\"font-family: Arial, Helvetica, sans-serif; font-size: small;\"> <strong>Vegetaci\u00f3n:<\/strong><br \/>\nBosque Seco Tropical, encontr\u00e1ndose especies vegetales caracter\u00edsticas de sabana abierta como: Paja Peluda, Chaparro, Manteco, Aceite y Morichales. <\/span><\/p>\n<p><span style=\"font-family: Arial, Helvetica, sans-serif; font-size: small;\"> <strong>Econom\u00eda:<\/strong><br \/>\nEs la principal fuente del estado en funciones pol\u00edticas, administrativas, financieras, de comercio, de servicios y apoyo a otros centros intermedios. En Matur\u00edn predominan las actividades agropecuarias y petroleras. La producci\u00f3n agr\u00edcola incluye: ma\u00edz, sorgo, caf\u00e9, man\u00ed y, como cultivo m\u00e1s reciente, la Palma Aceitera. En la actividad pecuaria se destaca la ganader\u00eda bovina, porcina y av\u00edcola. La actividad petrolera tiene una alta significaci\u00f3n, la cual se ha reactivado e intensificado en los \u00faltimos a\u00f1os (zona Furrial y al este en la zona de Oritupano). Tambi\u00e9n es importante la actividad industrial y forestal. <\/span><\/p>\n<p><span style=\"font-family: Arial, Helvetica, sans-serif; font-size: small;\"> <strong>Turismo:<\/strong><br \/>\nCuenta con la hermosa Catedral de Matur\u00edn, la redoma de la gran mujer Juana la Avanzadora, la iglesia de San Sim\u00f3n, el volc\u00e1n de Matur\u00edn y la Laguna Grande. <\/span><\/p>\n<p><span style=\"font-family: Arial, Helvetica, sans-serif; font-size: small;\"> <strong>Folklore:<\/strong><br \/>\nDestacan las ferias de San Sim\u00f3n, en el mes de Diciembre, y en el carnaval, uno de los mejores del pa\u00eds. <\/span><\/p>\n","protected":false},"excerpt":{"rendered":"<p>Poblaci\u00f3n: 401.384 habitantes (censo 2001) Superficie: 13.352 Km\u00b2 Porcentaje del Territorio Estadal: 46,13% Longitud Oeste: 62\u00b024&#8242; &#8211; 63\u00b032&#8242;<\/p>\n","protected":false},"author":1,"featured_media":0,"parent":0,"menu_order":0,"comment_status":"closed","ping_status":"open","template":"","meta":{"footnotes":""},"_links":{"self":[{"href":"https:\/\/infomonagas.com\/sitio\/wp-json\/wp\/v2\/pages\/94"}],"collection":[{"href":"https:\/\/infomonagas.com\/sitio\/wp-json\/wp\/v2\/pages"}],"about":[{"href":"https:\/\/infomonagas.com\/sitio\/wp-json\/wp\/v2\/types\/page"}],"author":[{"embeddable":true,"href":"https:\/\/infomonagas.com\/sitio\/wp-json\/wp\/v2\/users\/1"}],"replies":[{"embeddable":true,"href":"https:\/\/infomonagas.com\/sitio\/wp-json\/wp\/v2\/comments?post=94"}],"version-history":[{"count":2,"href":"https:\/\/infomonagas.com\/sitio\/wp-json\/wp\/v2\/pages\/94\/revisions"}],"predecessor-version":[{"id":968,"href":"https:\/\/infomonagas.com\/sitio\/wp-json\/wp\/v2\/pages\/94\/revisions\/968"}],"wp:attachment":[{"href":"https:\/\/infomonagas.com\/sitio\/wp-json\/wp\/v2\/media?parent=94"}],"curies":[{"name":"wp","href":"https:\/\/api.w.org\/{rel}","templated":true}]}}