{"id":96,"date":"2013-01-19T10:09:33","date_gmt":"2013-01-19T14:39:33","guid":{"rendered":"http:\/\/infomonagas.com\/sitio\/?page_id=96"},"modified":"2023-12-03T16:04:24","modified_gmt":"2023-12-03T20:04:24","slug":"municipio-piar","status":"publish","type":"page","link":"https:\/\/infomonagas.com\/sitio\/municipio-piar\/","title":{"rendered":"Municipio Piar"},"content":{"rendered":"<p><span style=\"font-family: Arial, Helvetica, sans-serif; font-size: small;\"><strong>Poblaci\u00f3n:<\/strong> 39.354 habitantes (censo 2001)<br \/>\n<strong>Superficie:<\/strong> 1001 Km\u00b2<br \/>\n<strong>Longitud Oeste:<\/strong> 63\u00b012&#8242; &#8211; 63\u00b037&#8242;<strong><br \/>\nLatitud Norte:<\/strong> 09\u00b007&#8242; &#8211; 10\u00b008&#8242;<br \/>\n<strong>Porcentaje del Territorio Estadal:<\/strong> 3,46%<br \/>\n<strong>Capital:<\/strong> Aragua de Matur\u00edn<br \/>\n<strong>L\u00edmites:<\/strong> Norte: Municipio Caripe. Este: Municipio Punceres. Sur: Municipio Matur\u00edn. Oeste: Municipios Cede\u00f1o y Acosta. <\/span><\/p>\n<p><span style=\"font-family: Arial, Helvetica, sans-serif; font-size: small;\"> El Municipio Piar fue Fundado en 1806 por el capit\u00e1n Don Salvador Romero. <\/span><\/p>\n<p><span style=\"font-family: Arial, Helvetica, sans-serif; font-size: small;\"> <strong>Clima:<\/strong><br \/>\nEl paisaje es de Pie de Monte, presenta adem\u00e1s temperaturas promedios anuales de 23,7\u00b0C y las precipitaciones alcanzan los 1005mm, promedio anual.<br \/>\n<strong>R\u00edos:<\/strong> Aragua, Orocual, Punceres y Guayusa. <\/span><\/p>\n<p><span style=\"font-family: Arial, Helvetica, sans-serif; font-size: small;\"> <strong>Vegetaci\u00f3n:<\/strong><br \/>\nBosque Seco Tropical, una de las especies que se encuentran son: Guatacaro, Tiamo, Indio Desnudo, Clavellino, Aceite. <\/span><\/p>\n<p><span style=\"font-family: Arial, Helvetica, sans-serif; font-size: small;\"> <strong>Econom\u00eda:<\/strong><br \/>\nSu principal fuente es la agricultura, la cual se desarrolla en su mayor\u00eda en el valle del r\u00edo de Aragua, cultiv\u00e1ndose c\u00edtricos, hortalizas, ca\u00f1a de az\u00facar, algod\u00f3n, ma\u00edz, parchita. La actividad petrolera poco a poco se ha incrementado desde 1990, existen yacimientos de piedra caliza, la cual es utilizada como materia prima para la elaboraci\u00f3n de la cal agr\u00edcola. <\/span><\/p>\n<p><span style=\"font-family: Arial, Helvetica, sans-serif; font-size: small;\"> <strong>Turismo:<\/strong><br \/>\nLos turistas encontrar\u00e1n El Salto Aparicio, una ca\u00edda de agua muy hermosa, la gruta de los Morrocoyes con petroglifos que tienen entre 4000 y 400 a\u00f1os. Tambi\u00e9n posee monumentos hist\u00f3ricos como La Laguna de los desorejados y el convento de los capuchinos Aragoneses, del siglo XVIII. <\/span><\/p>\n<p><span style=\"font-family: Arial, Helvetica, sans-serif; font-size: small;\"> <strong>Folklore:<\/strong><br \/>\nSe realiza la Danza de la Maya en honor a su santo patr\u00f3n San Isidro Labrador, esto es en el mes de mayo, donde todos los pobladores se re\u00fanen para rendir tributo a este santo. <\/span><\/p>\n","protected":false},"excerpt":{"rendered":"<p>Poblaci\u00f3n: 39.354 habitantes (censo 2001) Superficie: 1001 Km\u00b2 Longitud Oeste: 63\u00b012&#8242; &#8211; 63\u00b037&#8242; Latitud Norte: 09\u00b007&#8242; &#8211; 10\u00b008&#8242;<\/p>\n","protected":false},"author":1,"featured_media":0,"parent":0,"menu_order":0,"comment_status":"closed","ping_status":"open","template":"","meta":{"footnotes":""},"_links":{"self":[{"href":"https:\/\/infomonagas.com\/sitio\/wp-json\/wp\/v2\/pages\/96"}],"collection":[{"href":"https:\/\/infomonagas.com\/sitio\/wp-json\/wp\/v2\/pages"}],"about":[{"href":"https:\/\/infomonagas.com\/sitio\/wp-json\/wp\/v2\/types\/page"}],"author":[{"embeddable":true,"href":"https:\/\/infomonagas.com\/sitio\/wp-json\/wp\/v2\/users\/1"}],"replies":[{"embeddable":true,"href":"https:\/\/infomonagas.com\/sitio\/wp-json\/wp\/v2\/comments?post=96"}],"version-history":[{"count":2,"href":"https:\/\/infomonagas.com\/sitio\/wp-json\/wp\/v2\/pages\/96\/revisions"}],"predecessor-version":[{"id":970,"href":"https:\/\/infomonagas.com\/sitio\/wp-json\/wp\/v2\/pages\/96\/revisions\/970"}],"wp:attachment":[{"href":"https:\/\/infomonagas.com\/sitio\/wp-json\/wp\/v2\/media?parent=96"}],"curies":[{"name":"wp","href":"https:\/\/api.w.org\/{rel}","templated":true}]}}